{"id":464,"date":"2015-02-19T07:41:35","date_gmt":"2015-02-19T07:41:35","guid":{"rendered":"https:\/\/ecoheat.lv\/ru\/home\/"},"modified":"2023-05-26T11:28:27","modified_gmt":"2023-05-26T11:28:27","slug":"majas-lapa","status":"publish","type":"page","link":"https:\/\/ecoheat.lv\/lv\/","title":{"rendered":"\u0413\u043b\u0430\u0432\u043d\u0430\u044f"},"content":{"rendered":"<div id='home-section' class=\"vc_row wpb_row vc_row-fluid slider1 fullwidth\" data-vc-full-width=\"true\" data-vc-full-width-init=\"false\" \n>\n<div class=\"wpb_column vc_column_container vc_col-sm-12\"><div class=\"vc_column-inner vc_custom_1553111572727\"><div class=\"wpb_wrapper\"><div class=\"wpb_revslider_element wpb_content_element\">\n\t\t\t<!-- START Home REVOLUTION SLIDER 6.6.18 --><p class=\"rs-p-wp-fix\"><\/p>\n\t\t\t<rs-module-wrap id=\"rev_slider_1_1_wrapper\" data-source=\"gallery\" style=\"visibility:hidden;background:#E9E9E9;padding:0;margin:0px auto;margin-top:0;margin-bottom:0;\">\n\t\t\t\t<rs-module id=\"rev_slider_1_1\" style=\"\" data-version=\"6.6.18\">\n\t\t\t\t\t<rs-slides style=\"overflow: hidden; position: absolute;\">\n\t\t\t\t\t\t<rs-slide style=\"position: absolute;\" data-key=\"rs-1\" data-title=\"Slide\" data-anim=\"ms:600;r:0;\" data-in=\"o:0;\" data-out=\"a:false;\">\n\t\t\t\t\t\t\t<img decoding=\"async\" src=\"\/\/www.ecoheat.lv\/wp-content\/plugins\/revslider\/public\/assets\/assets\/dummy.png\" alt=\"\" title=\"\u0413\u043b\u0430\u0432\u043d\u0430\u044f\" class=\"rev-slidebg tp-rs-img rs-lazyload\" data-lazyload=\"\/\/ecoheat.lv\/wp-content\/uploads\/2016\/06\/DZD_TC_zeme-voda-1.jpg\" data-bg=\"p:left top;\" data-no-retina>\n<!--\n\t\t\t\t\t\t\t--><rs-layer\n\t\t\t\t\t\t\t\tid=\"slider-1-slide-1-layer-0\" \n\t\t\t\t\t\t\t\tdata-type=\"shape\"\n\t\t\t\t\t\t\t\tdata-rsp_ch=\"on\"\n\t\t\t\t\t\t\t\tdata-xy=\"x:46px;y:143px;\"\n\t\t\t\t\t\t\t\tdata-text=\"w:normal;\"\n\t\t\t\t\t\t\t\tdata-dim=\"w:859px;h:263;\"\n\t\t\t\t\t\t\t\tdata-frame_999=\"o:0;st:w;\"\n\t\t\t\t\t\t\t\tstyle=\"z-index:5;background-color:rgba(0,0,0,0.28);\"\n\t\t\t\t\t\t\t> \n\t\t\t\t\t\t\t<\/rs-layer><!--\n\n\t\t\t\t\t\t\t--><rs-layer\n\t\t\t\t\t\t\t\tid=\"slider-1-slide-1-layer-1\" \n\t\t\t\t\t\t\t\tclass=\"qktitlewhite\"\n\t\t\t\t\t\t\t\tdata-type=\"text\"\n\t\t\t\t\t\t\t\tdata-color=\"rgba(255,255,255,1)\"\n\t\t\t\t\t\t\t\tdata-rsp_ch=\"on\"\n\t\t\t\t\t\t\t\tdata-xy=\"x:70px;y:194px;\"\n\t\t\t\t\t\t\t\tdata-text=\"s:48;l:48;fw:900;\"\n\t\t\t\t\t\t\t\tdata-frame_0=\"x:left;o:1;\"\n\t\t\t\t\t\t\t\tdata-frame_1=\"st:1200;sp:500;\"\n\t\t\t\t\t\t\t\tdata-frame_999=\"st:w;auto:true;\"\n\t\t\t\t\t\t\t\tstyle=\"z-index:11;background-color:rgba(n,o,n,1);font-family:'Montserrat', 'sans-serif';text-transform:uppercase;\"\n\t\t\t\t\t\t\t>Siltuma s\u016bk\u0146i un \n<span>katli<\/span> \n\t\t\t\t\t\t\t<\/rs-layer><!--\n\n\t\t\t\t\t\t\t--><rs-layer\n\t\t\t\t\t\t\t\tid=\"slider-1-slide-1-layer-2\" \n\t\t\t\t\t\t\t\tclass=\"qksmalltext2\"\n\t\t\t\t\t\t\t\tdata-type=\"text\"\n\t\t\t\t\t\t\t\tdata-color=\"rgba(255,255,255,1)\"\n\t\t\t\t\t\t\t\tdata-rsp_ch=\"on\"\n\t\t\t\t\t\t\t\tdata-xy=\"x:76px;y:257px;\"\n\t\t\t\t\t\t\t\tdata-text=\"s:18;l:20;\"\n\t\t\t\t\t\t\t\tdata-frame_0=\"x:left;o:1;\"\n\t\t\t\t\t\t\t\tdata-frame_1=\"st:1800;sp:500;\"\n\t\t\t\t\t\t\t\tdata-frame_999=\"st:w;auto:true;\"\n\t\t\t\t\t\t\t\tstyle=\"z-index:9;font-family:'Montserrat', 'sans-serif';margin:0px;white-space:nowrap;\"\n\t\t\t\t\t\t\t>Liela katlu un siltuma s\u016bk\u0146u izv\u0113le. \n\t\t\t\t\t\t\t<\/rs-layer><!--\n\n\t\t\t\t\t\t\t--><rs-layer\n\t\t\t\t\t\t\t\tid=\"slider-1-slide-1-layer-4\" \n\t\t\t\t\t\t\t\tclass=\"black\"\n\t\t\t\t\t\t\t\tdata-type=\"text\"\n\t\t\t\t\t\t\t\tdata-color=\"#ffffff\"\n\t\t\t\t\t\t\t\tdata-rsp_ch=\"on\"\n\t\t\t\t\t\t\t\tdata-xy=\"x:81px;y:319px;\"\n\t\t\t\t\t\t\t\tdata-text=\"fw:900;\"\n\t\t\t\t\t\t\t\tdata-padding=\"t:10;r:20;b:10;l:20;\"\n\t\t\t\t\t\t\t\tdata-frame_0=\"x:right;o:1;\"\n\t\t\t\t\t\t\t\tdata-frame_1=\"st:2500;sp:500;\"\n\t\t\t\t\t\t\t\tdata-frame_999=\"st:w;auto:true;\"\n\t\t\t\t\t\t\t\tstyle=\"z-index:10;background-color:#ffcc00;font-family:'Arial';\"\n\t\t\t\t\t\t\t><a href='\/\u043a\u043e\u0442\u043b\u044b-\u043d\u0430-\u043f\u0435\u043b\u043b\u0435\u0442\u0430\u0445\/' class='trans-btn2'>Katli<\/a> \n\t\t\t\t\t\t\t<\/rs-layer><!--\n-->\t\t\t\t\t\t<\/rs-slide>\n\t\t\t\t\t\t<rs-slide style=\"position: absolute;\" data-key=\"rs-4\" data-title=\"Slide\" data-anim=\"ms:600;r:0;\" data-in=\"o:0;\" data-out=\"a:false;\">\n\t\t\t\t\t\t\t<img decoding=\"async\" src=\"\/\/www.ecoheat.lv\/wp-content\/plugins\/revslider\/public\/assets\/assets\/dummy.png\" alt=\"\" title=\"\u0413\u043b\u0430\u0432\u043d\u0430\u044f\" class=\"rev-slidebg tp-rs-img rs-lazyload\" data-lazyload=\"\/\/ecoheat.lv\/wp-content\/uploads\/2016\/06\/DZD_TC_zeme-voda-1.jpg\" data-bg=\"p:left top;\" data-no-retina>\n<!--\n\t\t\t\t\t\t\t--><rs-layer\n\t\t\t\t\t\t\t\tid=\"slider-1-slide-4-layer-1\" \n\t\t\t\t\t\t\t\tclass=\"qktitlewhite\"\n\t\t\t\t\t\t\t\tdata-type=\"text\"\n\t\t\t\t\t\t\t\tdata-color=\"rgba(255,255,255,1)\"\n\t\t\t\t\t\t\t\tdata-rsp_ch=\"on\"\n\t\t\t\t\t\t\t\tdata-xy=\"x:27px;y:168px;\"\n\t\t\t\t\t\t\t\tdata-text=\"s:48;l:48;fw:900;\"\n\t\t\t\t\t\t\t\tdata-frame_0=\"x:left;o:1;\"\n\t\t\t\t\t\t\t\tdata-frame_1=\"st:1200;sp:500;\"\n\t\t\t\t\t\t\t\tdata-frame_999=\"st:w;auto:true;\"\n\t\t\t\t\t\t\t\tstyle=\"z-index:5;background-color:rgba(n,o,n,1);font-family:'Montserrat', 'sans-serif';text-transform:uppercase;\"\n\t\t\t\t\t\t\t>Mont\u0101\u017ea un <span>projekt\u0113\u0161ana<\/span>. \n\t\t\t\t\t\t\t<\/rs-layer><!--\n\n\t\t\t\t\t\t\t--><rs-layer\n\t\t\t\t\t\t\t\tid=\"slider-1-slide-4-layer-2\" \n\t\t\t\t\t\t\t\tclass=\"qksmalltext2\"\n\t\t\t\t\t\t\t\tdata-type=\"text\"\n\t\t\t\t\t\t\t\tdata-color=\"rgba(255,255,255,1)\"\n\t\t\t\t\t\t\t\tdata-rsp_ch=\"on\"\n\t\t\t\t\t\t\t\tdata-xy=\"x:30px;y:260px;\"\n\t\t\t\t\t\t\t\tdata-text=\"s:18;l:20;\"\n\t\t\t\t\t\t\t\tdata-frame_0=\"x:left;o:1;\"\n\t\t\t\t\t\t\t\tdata-frame_1=\"st:1800;sp:500;\"\n\t\t\t\t\t\t\t\tdata-frame_999=\"st:w;auto:true;\"\n\t\t\t\t\t\t\t\tstyle=\"z-index:6;font-family:'Montserrat', 'sans-serif';margin:0px;white-space:nowrap;\"\n\t\t\t\t\t\t\t>M\u016bsu uz\u0146\u0113muma projekt\u0113t\u0101ji veic <br>apkures sist\u0113mu projekt\u0113\u0161anu m\u0101j\u0101m, <br>lauku m\u0101j\u0101m, dz\u012bvok\u013ciem, birojiem, restor\u0101niem <br>un citiem objektiem. \n\t\t\t\t\t\t\t<\/rs-layer><!--\n\n\t\t\t\t\t\t\t--><rs-layer\n\t\t\t\t\t\t\t\tid=\"slider-1-slide-4-layer-4\" \n\t\t\t\t\t\t\t\tclass=\"black\"\n\t\t\t\t\t\t\t\tdata-type=\"text\"\n\t\t\t\t\t\t\t\tdata-color=\"rgba(0,0,0,1)\"\n\t\t\t\t\t\t\t\tdata-rsp_ch=\"on\"\n\t\t\t\t\t\t\t\tdata-xy=\"x:35px;y:363px;\"\n\t\t\t\t\t\t\t\tdata-text=\"fw:900;\"\n\t\t\t\t\t\t\t\tdata-frame_0=\"x:right;o:1;\"\n\t\t\t\t\t\t\t\tdata-frame_1=\"st:2500;sp:500;\"\n\t\t\t\t\t\t\t\tdata-frame_999=\"st:w;auto:true;\"\n\t\t\t\t\t\t\t\tstyle=\"z-index:7;font-family:'Arial';\"\n\t\t\t\t\t\t\t><a href='\/\u043f\u0440\u043e\u0435\u043a\u0442\u0438\u0440\u043e\u0432\u0430\u043d\u0438\u0435' class='trans-btn2'>Projekt\u0113\u0161ana<\/a> \n\t\t\t\t\t\t\t<\/rs-layer><!--\n-->\t\t\t\t\t\t<\/rs-slide>\n\t\t\t\t\t<\/rs-slides>\n\t\t\t\t<\/rs-module>\n\t\t\t\t<script>\n\t\t\t\t\tsetREVStartSize({c: 'rev_slider_1_1',rl:[1240,1024,778,480],el:[560],gw:[1140],gh:[560],type:'standard',justify:'',layout:'fullwidth',mh:\"560\"});if (window.RS_MODULES!==undefined && window.RS_MODULES.modules!==undefined && window.RS_MODULES.modules[\"revslider11\"]!==undefined) {window.RS_MODULES.modules[\"revslider11\"].once = false;window.revapi1 = undefined;if (window.RS_MODULES.checkMinimal!==undefined) window.RS_MODULES.checkMinimal()}\n\t\t\t\t<\/script>\n\t\t\t<\/rs-module-wrap>\n\t\t\t<!-- END REVOLUTION SLIDER -->\n<\/div><\/div><\/div><\/div><\/div><div class=\"vc_row-full-width\"><\/div>\t<div  class=\"vc_row wpb_row vc_row-fluid banner-section\"\n>\n<div class=\"container\"><div class=\"row\">\n<div class=\"wpb_column vc_column_container vc_col-sm-12\"><div class=\"vc_column-inner\"><div class=\"wpb_wrapper\">\n\t<div class=\"wpb_text_column wpb_content_element \" >\n\t\t<div class=\"wpb_wrapper\">\n\t\t\t<h2>Racion\u0101las apkures risin\u0101jumi  <strong>visiem \u0113k\u0101m<\/strong> <a class=\"button-one\" href=\"\/?page_id=482\">spied \u0161eit<\/a><\/h2>\n\n\t\t<\/div>\n\t<\/div>\n<\/div><\/div><\/div><\/div><\/div>\n<\/div>\t<div  class=\"vc_row wpb_row vc_row-fluid services-offer-section vc_custom_1476894507131\"\n>\n<div class=\"container\"><div class=\"row\">\n<div class=\"wpb_column vc_column_container vc_col-sm-4\"><div class=\"vc_column-inner\"><div class=\"wpb_wrapper\">\r\n<div class=\"offer-post\">\r\n\t<a href=\"\/\u043f\u0440\u043e\u0435\u043a\u0442\u0438\u0440\u043e\u0432\u0430\u043d\u0438\u0435\">\r\n\t\t<img loading=\"lazy\" decoding=\"async\" width=\"280\" height=\"150\" src=\"https:\/\/www.ecoheat.lv\/wp-content\/uploads\/2015\/02\/Projektirovanie.jpg\" class=\"attachment-full size-full\" alt=\"\" srcset=\"https:\/\/www.ecoheat.lv\/wp-content\/uploads\/2015\/02\/Projektirovanie.jpg 280w, https:\/\/www.ecoheat.lv\/wp-content\/uploads\/2015\/02\/Projektirovanie-768x411.jpg 768w\" sizes=\"auto, (max-width: 280px) 100vw, 280px\" \/>\t<\/a>\r\n\t<h2><a href=\"\/\u043f\u0440\u043e\u0435\u043a\u0442\u0438\u0440\u043e\u0432\u0430\u043d\u0438\u0435\">Projekt\u0113\u0161ana<\/a><\/h2>\r\n\t<p>M\u016bsu uz\u0146\u0113muma projekt\u0113t\u0101ji veic apkures sist\u0113mu projekt\u0113\u0161anu priv\u0101tm\u0101j\u0101m, lauku m\u0101j\u0101m, dz\u012bvok\u013ciem, birojiem, restor\u0101niem un citiem objektiem.<\/p><\/div>\r\n<\/div><\/div><\/div><div class=\"wpb_column vc_column_container vc_col-sm-4\"><div class=\"vc_column-inner\"><div class=\"wpb_wrapper\">\r\n<div class=\"offer-post\">\r\n\t<a href=\"\/m\u043e\u043d\u0442\u0430\u0436\">\r\n\t\t<img loading=\"lazy\" decoding=\"async\" width=\"280\" height=\"150\" src=\"https:\/\/www.ecoheat.lv\/wp-content\/uploads\/2015\/02\/montage.jpg\" class=\"attachment-full size-full\" alt=\"\" srcset=\"https:\/\/www.ecoheat.lv\/wp-content\/uploads\/2015\/02\/montage.jpg 280w, https:\/\/www.ecoheat.lv\/wp-content\/uploads\/2015\/02\/montage-768x411.jpg 768w\" sizes=\"auto, (max-width: 280px) 100vw, 280px\" \/>\t<\/a>\r\n\t<h2><a href=\"\/m\u043e\u043d\u0442\u0430\u0436\">Mont\u0101\u017ea<\/a><\/h2>\r\n\t<p>Pateicoties 15 gadu pieredzei un profesion\u0101lajai komandai, pied\u0101v\u0101jam apkures sist\u0113mu uzst\u0101d\u012b\u0161anu un apkopi da\u017e\u0101d\u0101m \u0113ku apkures sist\u0113m\u0101m.<\/p><\/div>\r\n<\/div><\/div><\/div><div class=\"wpb_column vc_column_container vc_col-sm-4\"><div class=\"vc_column-inner\"><div class=\"wpb_wrapper\">\r\n<div class=\"offer-post\">\r\n\t<a href=\"\/\u0441\u0435\u0440\u0432\u0438\u0441\u043d\u043e\u0435-\u043e\u0431\u0441\u043b\u0443\u0436\u0438\u0432\u0430\u043d\u0438\u0435\">\r\n\t\t<img loading=\"lazy\" decoding=\"async\" width=\"280\" height=\"150\" src=\"https:\/\/www.ecoheat.lv\/wp-content\/uploads\/2015\/02\/mont.jpg\" class=\"attachment-full size-full\" alt=\"\" srcset=\"https:\/\/www.ecoheat.lv\/wp-content\/uploads\/2015\/02\/mont.jpg 280w, https:\/\/www.ecoheat.lv\/wp-content\/uploads\/2015\/02\/mont-768x411.jpg 768w\" sizes=\"auto, (max-width: 280px) 100vw, 280px\" \/>\t<\/a>\r\n\t<h2><a href=\"\/\u0441\u0435\u0440\u0432\u0438\u0441\u043d\u043e\u0435-\u043e\u0431\u0441\u043b\u0443\u0436\u0438\u0432\u0430\u043d\u0438\u0435\">Apkalpo\u0161ana<\/a><\/h2>\r\n\t<p>Regul\u0101ra tehnisk\u0101 apkope sist\u0113m\u0101m, lai uztur\u0113tu eso\u0161o funkcionalit\u0101ti.<\/p><\/div>\r\n<\/div><\/div><\/div><\/div><\/div>\n<\/div>\t<div  class=\"vc_row wpb_row vc_row-fluid clients-section vc_custom_1476894449642\"\n>\n<div class=\"container\"><div class=\"row\">\n<div class=\"wpb_column vc_column_container vc_col-sm-12\"><div class=\"vc_column-inner\"><div class=\"wpb_wrapper\">\n\t<div class=\"wpb_text_column wpb_content_element \" >\n\t\t<div class=\"wpb_wrapper\">\n\t\t\t<div class=\"clients-title\">\n<h1 style=\"text-align: center;\">M\u016bsu partneri<\/h1>\n<\/div>\n\n\t\t<\/div>\n\t<\/div>\n<div class=\"vc_row wpb_row vc_inner vc_row-fluid\"><div class=\"wpb_column vc_column_container vc_col-sm-12\"><div class=\"vc_column-inner\"><div class=\"wpb_wrapper\"><div class=\"wpb_images_carousel wpb_content_element vc_clearfix vc_custom_1476894437662\"><div class=\"wpb_wrapper\"><div id=\"vc_images-carousel-1-1777979740\" data-ride=\"vc_carousel\" data-wrap=\"false\" style=\"width: 100%;\" data-interval=\"0\" data-auto-height=\"yes\" data-mode=\"horizontal\" data-partial=\"false\" data-per-view=\"5\" data-hide-on-end=\"true\" class=\"vc_slide vc_images_carousel\"><div class=\"vc_carousel-inner\"><div class=\"vc_carousel-slideline\"><div class=\"vc_carousel-slideline-inner\"><div class=\"vc_item\"><div class=\"vc_inner\"><img loading=\"lazy\" decoding=\"async\" width=\"150\" height=\"28\" src=\"https:\/\/www.ecoheat.lv\/wp-content\/uploads\/2015\/02\/Junkers.png\" class=\"attachment-full\" alt=\"\" srcset=\"https:\/\/www.ecoheat.lv\/wp-content\/uploads\/2015\/02\/Junkers.png 150w, https:\/\/www.ecoheat.lv\/wp-content\/uploads\/2015\/02\/Junkers-768x143.png 768w\" sizes=\"auto, (max-width: 150px) 100vw, 150px\" \/><\/div><\/div><div class=\"vc_item\"><div class=\"vc_inner\"><img loading=\"lazy\" decoding=\"async\" width=\"150\" height=\"33\" src=\"https:\/\/www.ecoheat.lv\/wp-content\/uploads\/2015\/02\/Nibe.png\" class=\"attachment-full\" alt=\"\" srcset=\"https:\/\/www.ecoheat.lv\/wp-content\/uploads\/2015\/02\/Nibe.png 150w, https:\/\/www.ecoheat.lv\/wp-content\/uploads\/2015\/02\/Nibe-768x168.png 768w\" sizes=\"auto, (max-width: 150px) 100vw, 150px\" \/><\/div><\/div><div class=\"vc_item\"><div class=\"vc_inner\"><img loading=\"lazy\" decoding=\"async\" width=\"170\" height=\"27\" src=\"https:\/\/www.ecoheat.lv\/wp-content\/uploads\/2015\/02\/Viadrus.png\" class=\"attachment-full\" alt=\"\" srcset=\"https:\/\/www.ecoheat.lv\/wp-content\/uploads\/2015\/02\/Viadrus.png 170w, https:\/\/www.ecoheat.lv\/wp-content\/uploads\/2015\/02\/Viadrus-768x121.png 768w\" sizes=\"auto, (max-width: 170px) 100vw, 170px\" \/><\/div><\/div><div class=\"vc_item\"><div class=\"vc_inner\"><img loading=\"lazy\" decoding=\"async\" width=\"237\" height=\"42\" src=\"https:\/\/www.ecoheat.lv\/wp-content\/uploads\/2015\/02\/elektromet.png\" class=\"attachment-full\" alt=\"\" srcset=\"https:\/\/www.ecoheat.lv\/wp-content\/uploads\/2015\/02\/elektromet.png 237w, https:\/\/www.ecoheat.lv\/wp-content\/uploads\/2015\/02\/elektromet-768x136.png 768w\" sizes=\"auto, (max-width: 237px) 100vw, 237px\" \/><\/div><\/div><div class=\"vc_item\"><div class=\"vc_inner\"><img loading=\"lazy\" decoding=\"async\" width=\"466\" height=\"107\" src=\"https:\/\/www.ecoheat.lv\/wp-content\/uploads\/2015\/02\/fondital2.png\" class=\"attachment-full\" alt=\"\" srcset=\"https:\/\/www.ecoheat.lv\/wp-content\/uploads\/2015\/02\/fondital2.png 466w, https:\/\/www.ecoheat.lv\/wp-content\/uploads\/2015\/02\/fondital2-768x176.png 768w\" sizes=\"auto, (max-width: 466px) 100vw, 466px\" \/><\/div><\/div><\/div><\/div><\/div><\/div><\/div><\/div><\/div><\/div><\/div><\/div><\/div><\/div><\/div><\/div><\/div>\n<\/div>\n","protected":false},"excerpt":{"rendered":"Siltuma s\u016bk\u0146i un katli Liela katlu un siltuma s\u016bk\u0146u izv\u0113le. Katli Mont\u0101\u017ea un projekt\u0113\u0161ana. M\u016bsu uz\u0146\u0113muma projekt\u0113t\u0101ji veic apkures sist\u0113mu projekt\u0113\u0161anu m\u0101j\u0101m, lauku m\u0101j\u0101m, dz\u012bvok\u013ciem, birojiem, restor\u0101niem un citiem objektiem. Projekt\u0113\u0161ana Racion\u0101las apkures risin\u0101jumi visiem \u0113k\u0101m spied \u0161eit Projekt\u0113\u0161ana M\u016bsu uz\u0146\u0113muma projekt\u0113t\u0101ji veic apkures sist\u0113mu projekt\u0113\u0161anu priv\u0101tm\u0101j\u0101m, lauku m\u0101j\u0101m, dz\u012bvok\u013ciem, birojiem, restor\u0101niem un citiem objektiem. [...]","protected":false},"author":1,"featured_media":0,"parent":0,"menu_order":0,"comment_status":"open","ping_status":"closed","template":"template-home.php","meta":{"footnotes":""},"class_list":["post-464","page","type-page","status-publish","hentry"],"aioseo_notices":[],"_links":{"self":[{"href":"https:\/\/ecoheat.lv\/lv\/wp-json\/wp\/v2\/pages\/464","targetHints":{"allow":["GET"]}}],"collection":[{"href":"https:\/\/ecoheat.lv\/lv\/wp-json\/wp\/v2\/pages"}],"about":[{"href":"https:\/\/ecoheat.lv\/lv\/wp-json\/wp\/v2\/types\/page"}],"author":[{"embeddable":true,"href":"https:\/\/ecoheat.lv\/lv\/wp-json\/wp\/v2\/users\/1"}],"replies":[{"embeddable":true,"href":"https:\/\/ecoheat.lv\/lv\/wp-json\/wp\/v2\/comments?post=464"}],"version-history":[{"count":5,"href":"https:\/\/ecoheat.lv\/lv\/wp-json\/wp\/v2\/pages\/464\/revisions"}],"predecessor-version":[{"id":996,"href":"https:\/\/ecoheat.lv\/lv\/wp-json\/wp\/v2\/pages\/464\/revisions\/996"}],"wp:attachment":[{"href":"https:\/\/ecoheat.lv\/lv\/wp-json\/wp\/v2\/media?parent=464"}],"curies":[{"name":"wp","href":"https:\/\/api.w.org\/{rel}","templated":true}]}}