{"id":482,"date":"2016-05-14T15:21:31","date_gmt":"2016-05-14T15:21:31","guid":{"rendered":"https:\/\/ecoheat.lv\/ru\/about\/"},"modified":"2023-05-26T11:14:12","modified_gmt":"2023-05-26T11:14:12","slug":"o-kompanii","status":"publish","type":"page","link":"https:\/\/ecoheat.lv\/lv\/o-kompanii\/","title":{"rendered":"Par uz\u0146\u0113mumu"},"content":{"rendered":"\t<div  class=\"vc_row wpb_row vc_row-fluid\"\n>\n<div class=\"container\"><div class=\"row\">\n<div class=\"wpb_column vc_column_container vc_col-sm-12\"><div class=\"vc_column-inner vc_custom_1463504927415\"><div class=\"wpb_wrapper\">\n\t<div class=\"wpb_text_column wpb_content_element  wpb_animate_when_almost_visible wpb_appear appear\" >\n\t\t<div class=\"wpb_wrapper\">\n\t\t\t<p><strong>Racion\u0101las apkures risin\u0101jumi!<\/strong><br \/>\nM\u016bsu m\u0113r\u0137is ir pied\u0101v\u0101t racion\u0101lus apkures risin\u0101jumus vis\u0101m \u0113k\u0101m neatkar\u012bgi no to izm\u0113ra un m\u0113r\u0137a. Sav\u0101 darb\u012bb\u0101 m\u0113s piev\u0113rs\u0101m galveno uzman\u012bbu atjaunojamai ener\u0123ijai:<\/p>\n<p><strong>SILTUMA S\u016aK\u0145I:<\/strong><\/p>\n<p>Apkurei \u0113ku un karst\u0101 \u016bdens sild\u012b\u0161anai ir daudz bezmaksas ener\u0123ijas apk\u0101rt mums, ko var efekt\u012bvi izmantot. M\u016bsu produktu kl\u0101st\u0101 ietilpst da\u017e\u0101di siltuma s\u016bk\u0146i: zemes siltuma s\u016bk\u0146i, gaisa-\u016bdens siltuma s\u016bk\u0146i, \u016bdens-\u016bdens siltuma s\u016bk\u0146i.<\/p>\n<p><strong>BIOKURIN\u0100M\u0100S SIST\u0112MAS:<\/strong><\/p>\n<p>Granulu apkure vai apkure ar granul\u0101m ir visvienk\u0101r\u0161\u0101k\u0101 un ekolo\u0123iski t\u012br\u0101k\u0101 alternat\u012bva m\u0101jsaimniec\u012bbu, dz\u012bvojam\u0101s m\u0101jas, r\u016bpniecisko \u0113ku, lauksaimniec\u012bbas \u0113ku u.c. apkurei. Granulas ir vien\u012bg\u0101 Igaunijas apkures veida, kuru var piln\u012bb\u0101 automatiz\u0113t. M\u0113s pied\u0101v\u0101jam saviem klientiem autom\u0101tisko granulu katlu iek\u0101rtu uzst\u0101d\u012b\u0161anu un apkopi. Katlu jauda: 10 kW &#8211; 1000 kW. Koksnes apkure: skaidas, koksnes briketes, skaidas. Koksne ir parast\u0101kais un visizplat\u012bt\u0101kais kurin\u0101mais. M\u016bsu sortiment\u0101 ietilpst moderni koksnes katli ar vis\u0101m pievienotaj\u0101m sast\u0101vda\u013c\u0101m &#8211; uzkr\u0101juma tvertnes, apkures automatika, papildu ier\u012bces. Lai koksnes katlu m\u0101jas apkure darbotos \u0113rti un ekonomiski, nepiecie\u0161ama pareizi izr\u0113\u0137in\u0101ta un ar zin\u0101\u0161an\u0101m uzb\u016bv\u0113ta apkures sist\u0113ma.<\/p>\n<p><strong>DZ\u012aVOK\u013bU M\u0100J\u0100M:<\/strong><\/p>\n<p>Degvielas cenu past\u0101v\u012bgi augot, ener\u0123ijas taup\u012b\u0161anas jaut\u0101jums dz\u012bvok\u013cu m\u0101j\u0101s ir \u013coti aktu\u0101ls. M\u0113s pied\u0101v\u0101jam ekspert\u012bzes dz\u012bvojamo \u0113ku apkures sist\u0113m\u0101m, siltuma mezglu mai\u0146u un citu<\/p>\n<p> apkures sist\u0113mas komponentu (radiatori, caurules) aizst\u0101\u0161anu. T\u0101pat m\u0113s pied\u0101v\u0101jam vispus\u012bgu pal\u012bdz\u012bbu dz\u012bvok\u013cu m\u0101jas apkures p\u0101rej\u0101 uz atjaunojamu ener\u0123iju. M\u016bsu priek\u0161roc\u012bbas ir personiskais pieeja katram probl\u0113mas risin\u0101\u0161anai un operat\u012bvs darb\u012bbas veik\u0161anas laiks!<\/p>\n\n\t\t<\/div>\n\t<\/div>\n<\/div><\/div><\/div><\/div><\/div>\n<\/div>\n","protected":false},"excerpt":{"rendered":"Racion\u0101las apkures risin\u0101jumi! M\u016bsu m\u0113r\u0137is ir pied\u0101v\u0101t racion\u0101lus apkures risin\u0101jumus vis\u0101m \u0113k\u0101m neatkar\u012bgi no to izm\u0113ra un m\u0113r\u0137a. Sav\u0101 darb\u012bb\u0101 m\u0113s piev\u0113rs\u0101m galveno uzman\u012bbu atjaunojamai ener\u0123ijai: SILTUMA S\u016aK\u0145I: Apkurei \u0113ku un karst\u0101 \u016bdens sild\u012b\u0161anai ir daudz bezmaksas ener\u0123ijas apk\u0101rt mums, ko var efekt\u012bvi izmantot. M\u016bsu produktu kl\u0101st\u0101 ietilpst da\u017e\u0101di siltuma s\u016bk\u0146i: zemes siltuma s\u016bk\u0146i, gaisa-\u016bdens [...]","protected":false},"author":1,"featured_media":0,"parent":0,"menu_order":0,"comment_status":"open","ping_status":"open","template":"template-page_builder.php","meta":{"footnotes":""},"class_list":["post-482","page","type-page","status-publish","hentry"],"aioseo_notices":[],"_links":{"self":[{"href":"https:\/\/ecoheat.lv\/lv\/wp-json\/wp\/v2\/pages\/482","targetHints":{"allow":["GET"]}}],"collection":[{"href":"https:\/\/ecoheat.lv\/lv\/wp-json\/wp\/v2\/pages"}],"about":[{"href":"https:\/\/ecoheat.lv\/lv\/wp-json\/wp\/v2\/types\/page"}],"author":[{"embeddable":true,"href":"https:\/\/ecoheat.lv\/lv\/wp-json\/wp\/v2\/users\/1"}],"replies":[{"embeddable":true,"href":"https:\/\/ecoheat.lv\/lv\/wp-json\/wp\/v2\/comments?post=482"}],"version-history":[{"count":5,"href":"https:\/\/ecoheat.lv\/lv\/wp-json\/wp\/v2\/pages\/482\/revisions"}],"predecessor-version":[{"id":1000,"href":"https:\/\/ecoheat.lv\/lv\/wp-json\/wp\/v2\/pages\/482\/revisions\/1000"}],"wp:attachment":[{"href":"https:\/\/ecoheat.lv\/lv\/wp-json\/wp\/v2\/media?parent=482"}],"curies":[{"name":"wp","href":"https:\/\/api.w.org\/{rel}","templated":true}]}}