{"id":518,"date":"2015-02-23T02:28:32","date_gmt":"2015-02-23T02:28:32","guid":{"rendered":"https:\/\/ecoheat.lv\/ru\/construction\/"},"modified":"2023-05-26T11:17:54","modified_gmt":"2023-05-26T11:17:54","slug":"radioatory-otoplenija","status":"publish","type":"page","link":"https:\/\/ecoheat.lv\/lv\/radioatory-otoplenija\/","title":{"rendered":"Apkures radiatori"},"content":{"rendered":"<div  class=\"vc_row wpb_row vc_row-fluid\"\n>\n<div class=\"container\"><div class=\"row\">\n<div class=\"wpb_column vc_column_container vc_col-sm-6\"><div class=\"vc_column-inner\"><div class=\"wpb_wrapper\">\n\t<div  class=\"wpb_single_image wpb_content_element vc_align_left  wpb_animate_when_almost_visible wpb_left-to-right left-to-right\">\n\t\t\n\t\t<figure class=\"wpb_wrapper vc_figure\">\n\t\t\t<div class=\"vc_single_image-wrapper   vc_box_border_grey\"><img loading=\"lazy\" decoding=\"async\" width=\"466\" height=\"107\" src=\"https:\/\/ecoheat.lv\/wp-content\/uploads\/2015\/02\/fondital-logo.gif\" class=\"vc_single_image-img attachment-full\" alt=\"\" \/><\/div>\n\t\t<\/figure>\n\t<\/div>\n\n\t<div  class=\"wpb_single_image wpb_content_element vc_align_left  wpb_animate_when_almost_visible wpb_left-to-right left-to-right\">\n\t\t\n\t\t<figure class=\"wpb_wrapper vc_figure\">\n\t\t\t<div class=\"vc_single_image-wrapper   vc_box_border_grey\"><img loading=\"lazy\" decoding=\"async\" width=\"625\" height=\"600\" src=\"https:\/\/ecoheat.lv\/wp-content\/uploads\/2016\/05\/219_z_fondital.png\" class=\"vc_single_image-img attachment-full\" alt=\"\" srcset=\"https:\/\/ecoheat.lv\/wp-content\/uploads\/2016\/05\/219_z_fondital.png 625w, https:\/\/ecoheat.lv\/wp-content\/uploads\/2016\/05\/219_z_fondital-768x737.png 768w\" sizes=\"auto, (max-width: 625px) 100vw, 625px\" \/><\/div>\n\t\t<\/figure>\n\t<\/div>\n<\/div><\/div><\/div><div class=\"wpb_column vc_column_container vc_col-sm-6\"><div class=\"vc_column-inner\"><div class=\"wpb_wrapper\">\n\t<div  class=\"wpb_single_image wpb_content_element vc_align_right\">\n\t\t\n\t\t<figure class=\"wpb_wrapper vc_figure\">\n\t\t\t<div class=\"vc_single_image-wrapper   vc_box_border_grey\"><img loading=\"lazy\" decoding=\"async\" width=\"625\" height=\"600\" src=\"https:\/\/ecoheat.lv\/wp-content\/uploads\/2016\/05\/1523_z_fondital_exclusivo_b3_z_1.png\" class=\"vc_single_image-img attachment-full\" alt=\"\" srcset=\"https:\/\/ecoheat.lv\/wp-content\/uploads\/2016\/05\/1523_z_fondital_exclusivo_b3_z_1.png 625w, https:\/\/ecoheat.lv\/wp-content\/uploads\/2016\/05\/1523_z_fondital_exclusivo_b3_z_1-768x737.png 768w\" sizes=\"auto, (max-width: 625px) 100vw, 625px\" \/><\/div>\n\t\t<\/figure>\n\t<\/div>\n<\/div><\/div><\/div><\/div><\/div>\n<\/div>\t<div  class=\"vc_row wpb_row vc_row-fluid\"\n>\n<div class=\"container\"><div class=\"row\">\n<div class=\"wpb_column vc_column_container vc_col-sm-12\"><div class=\"vc_column-inner\"><div class=\"wpb_wrapper\">\n\t<div class=\"wpb_text_column wpb_content_element \" >\n\t\t<div class=\"wpb_wrapper\">\n\t\t\t<p><strong>Alum\u012bnija lievmet\u0101la radiatori<\/strong><\/p>\n<p>Fondital EXCLUSIVO B3 500\/100 (It\u0101lija)<\/p>\n<p>Jauns mode\u013ca no zin\u0101ma it\u0101\u013cu ra\u017eot\u0101ja Fondital &#8211; EXCLUSIVO B3 500\/100. Uzlabotas meh\u0101nisk\u0101s un ener\u0123\u0113tisk\u0101s \u012bpa\u0161\u012bbas.<\/p>\n<p>Fondital EXCLUSIVO B3 500\/100 radiatoriem rakstur\u012bga augsta uzticam\u012bba un iztur\u012bba, pateicoties alum\u012bnija sakaus\u0113juma pres\u0113\u0161anai ar spiedienu.<br \/>\nFondital radiatoru dizains ir izstr\u0101d\u0101ts, pamatojoties uz hidrotermisko p\u0113t\u012bjumu rezult\u0101tiem, kas m\u0113r\u0137\u0113ti uz siltuma jaudas palielin\u0101\u0161anu un ier\u012bces svara samazin\u0101\u0161anu.<br \/>\nMaksim\u0101lais darba spiediens: 16 b\u0101ri (1600 kPa).<\/p>\n<p>Visiem EXCLUSIVO B3 mode\u013ca radiatoriem ir <strong>12 gadu garantija<\/strong> no uzst\u0101d\u012b\u0161anas datuma.<\/p>\n<table style=\"background-color: #ffffcc; border-collapse: collapse; border: 1px solid #FFCC00; color: #000000; width: 100%;\" border=\"1\" cellspacing=\"5\" cellpadding=\"20\">\n<tbody>\n<tr>\n<td style=\"text-align: center;\">Modelis<\/td>\n<td style=\"text-align: center;\">Augstums, mm<\/td>\n<td style=\"text-align: center;\">Starposma att\u0101lums, mm<\/td>\n<td style=\"text-align: center;\">Dzi\u013cums, mm<\/td>\n<td style=\"text-align: center;\">Platums, mm<\/td>\n<td style=\"text-align: center;\">Siltuma jauda, \u0394t 50\u00baC<\/td>\n<td style=\"text-align: center;\">Savieno\u0161anas diametrs<\/td>\n<\/tr>\n<tr>\n<td style=\"text-align: center;\">EXCLUSIVO B3<br \/>\n500\/100<\/td>\n<td style=\"text-align: center;\">557<\/td>\n<td style=\"text-align: center;\">500<\/td>\n<td style=\"text-align: center;\">97<\/td>\n<td style=\"text-align: center;\">80<\/td>\n<td style=\"text-align: center;\">115 W<\/td>\n<td style=\"text-align: center;\">1&#8243;<\/p>\n<p>(\u00bd&#8221;, \u00be&#8221;)<\/td>\n<\/tr>\n<\/tbody>\n<\/table>\n\n\t\t<\/div>\n\t<\/div>\n<\/div><\/div><\/div><\/div><\/div>\n<\/div>\t<div  class=\"vc_row wpb_row vc_row-fluid\"\n>\n<div class=\"container\"><div class=\"row\">\n<div class=\"wpb_column vc_column_container vc_col-sm-12\"><div class=\"vc_column-inner\"><div class=\"wpb_wrapper\"><div class=\"vc_separator wpb_content_element vc_separator_align_center vc_sep_width_100 vc_sep_pos_align_center vc_separator_no_text vc_sep_color_grey\" ><span class=\"vc_sep_holder vc_sep_holder_l\"><span  class=\"vc_sep_line\"><\/span><\/span><span class=\"vc_sep_holder vc_sep_holder_r\"><span  class=\"vc_sep_line\"><\/span><\/span>\n<\/div><\/div><\/div><\/div><\/div><\/div>\n<\/div>\t<div  class=\"vc_row wpb_row vc_row-fluid\"\n>\n<div class=\"container\"><div class=\"row\">\n<div class=\"wpb_column vc_column_container vc_col-sm-6\"><div class=\"vc_column-inner\"><div class=\"wpb_wrapper\">\n\t<div  class=\"wpb_single_image wpb_content_element vc_align_left  wpb_animate_when_almost_visible wpb_left-to-right left-to-right\">\n\t\t\n\t\t<figure class=\"wpb_wrapper vc_figure\">\n\t\t\t<div class=\"vc_single_image-wrapper   vc_box_border_grey\"><img loading=\"lazy\" decoding=\"async\" width=\"782\" height=\"747\" src=\"https:\/\/ecoheat.lv\/wp-content\/uploads\/2015\/02\/liberty.jpg\" class=\"vc_single_image-img attachment-full\" alt=\"\" srcset=\"https:\/\/ecoheat.lv\/wp-content\/uploads\/2015\/02\/liberty.jpg 782w, https:\/\/ecoheat.lv\/wp-content\/uploads\/2015\/02\/liberty-768x733.jpg 768w\" sizes=\"auto, (max-width: 782px) 100vw, 782px\" \/><\/div>\n\t\t<\/figure>\n\t<\/div>\n<\/div><\/div><\/div><div class=\"wpb_column vc_column_container vc_col-sm-6\"><div class=\"vc_column-inner\"><div class=\"wpb_wrapper\"><\/div><\/div><\/div><\/div><\/div>\n<\/div>\t<div  class=\"vc_row wpb_row vc_row-fluid\"\n>\n<div class=\"container\"><div class=\"row\">\n<div class=\"wpb_column vc_column_container vc_col-sm-12\"><div class=\"vc_column-inner\"><div class=\"wpb_wrapper\">\n\t<div class=\"wpb_text_column wpb_content_element \" >\n\t\t<div class=\"wpb_wrapper\">\n\t\t\t<p><strong>\u010cuguna radiatori<\/p>\n<p> Ercos LIBERTY &#8211; trad\u012bcija, dizains, iztur\u012bba.<\/strong><\/p>\n<p>\u010cuguna radiatori ir pirmie apkures radiatoru veidi, kas tika pievienoti bag\u0101to dz\u012bvok\u013cu interjeriem, s\u0101kot no XIX gadsimta.<br \/>\n\u010cuguns ir \u013coti iztur\u012bgs met\u0101ls, ko gandr\u012bz nevar boj\u0101t. \u010cuguna apkures baterijai ir t\u0101 priek\u0161roc\u012bba, ka telp\u0101 siltums tiek atdots l\u0113n\u0101m.<\/p>\n<p>M\u0113s pied\u0101v\u0101jam it\u0101\u013cu retro stil\u0101 LIBERTY \u010duguna apkures baterijas.<\/p>\n<p><strong>Zvaniet uz t\u0101lruni +371 26 368 820 vai sazinieties ar mums, s\u016btot e-pastu uz adresi: <a href=\"mailto:info@ecoheat.lv\">info@ecoheat.lv<\/a>.<\/strong><br \/>\n<strong>M\u0113s noteikti pal\u012bdz\u0113sim Jums izv\u0113l\u0113ties piem\u0113rotu risin\u0101jumu.<\/strong><\/p>\n\n\t\t<\/div>\n\t<\/div>\n<\/div><\/div><\/div><\/div><\/div>\n<\/div>\t<div  class=\"vc_row wpb_row vc_row-fluid\"\n>\n<div class=\"container\"><div class=\"row\">\n<div class=\"wpb_column vc_column_container vc_col-sm-4\"><div class=\"vc_column-inner\"><div class=\"wpb_wrapper\"><div class=\"vc_btn3-container vc_btn3-inline\" ><a class=\"vc_general vc_btn3 vc_btn3-size-lg vc_btn3-shape-rounded vc_btn3-style-modern vc_btn3-color-success\" href=\"http:\/\/ecoheat.lv\/wp-content\/uploads\/2016\/06\/789_CTC_PIEGH_EXCLUSIVO-RU.pdf\" title=\"Exclusivo\" target=\"_blank\">Fondital Exclusivo Katalogs<\/a><\/div><\/div><\/div><\/div><div class=\"wpb_column vc_column_container vc_col-sm-4\"><div class=\"vc_column-inner\"><div class=\"wpb_wrapper\"><\/div><\/div><\/div><div class=\"wpb_column vc_column_container vc_col-sm-4\"><div class=\"vc_column-inner\"><div class=\"wpb_wrapper\"><\/div><\/div><\/div><\/div><\/div>\n<\/div>\n","protected":false},"excerpt":{"rendered":"Alum\u012bnija lievmet\u0101la radiatori Fondital EXCLUSIVO B3 500\/100 (It\u0101lija) Jauns mode\u013ca no zin\u0101ma it\u0101\u013cu ra\u017eot\u0101ja Fondital - EXCLUSIVO B3 500\/100. Uzlabotas meh\u0101nisk\u0101s un ener\u0123\u0113tisk\u0101s \u012bpa\u0161\u012bbas. Fondital EXCLUSIVO B3 500\/100 radiatoriem rakstur\u012bga augsta uzticam\u012bba un iztur\u012bba, pateicoties alum\u012bnija sakaus\u0113juma pres\u0113\u0161anai ar spiedienu. Fondital radiatoru dizains ir izstr\u0101d\u0101ts, pamatojoties uz hidrotermisko p\u0113t\u012bjumu rezult\u0101tiem, kas m\u0113r\u0137\u0113ti uz siltuma jaudas [...]","protected":false},"author":1,"featured_media":0,"parent":0,"menu_order":0,"comment_status":"open","ping_status":"open","template":"template-page_leftbar.php","meta":{"footnotes":""},"class_list":["post-518","page","type-page","status-publish","hentry"],"aioseo_notices":[],"_links":{"self":[{"href":"https:\/\/ecoheat.lv\/lv\/wp-json\/wp\/v2\/pages\/518","targetHints":{"allow":["GET"]}}],"collection":[{"href":"https:\/\/ecoheat.lv\/lv\/wp-json\/wp\/v2\/pages"}],"about":[{"href":"https:\/\/ecoheat.lv\/lv\/wp-json\/wp\/v2\/types\/page"}],"author":[{"embeddable":true,"href":"https:\/\/ecoheat.lv\/lv\/wp-json\/wp\/v2\/users\/1"}],"replies":[{"embeddable":true,"href":"https:\/\/ecoheat.lv\/lv\/wp-json\/wp\/v2\/comments?post=518"}],"version-history":[{"count":5,"href":"https:\/\/ecoheat.lv\/lv\/wp-json\/wp\/v2\/pages\/518\/revisions"}],"predecessor-version":[{"id":1007,"href":"https:\/\/ecoheat.lv\/lv\/wp-json\/wp\/v2\/pages\/518\/revisions\/1007"}],"wp:attachment":[{"href":"https:\/\/ecoheat.lv\/lv\/wp-json\/wp\/v2\/media?parent=518"}],"curies":[{"name":"wp","href":"https:\/\/api.w.org\/{rel}","templated":true}]}}