{"id":580,"date":"2016-06-07T17:19:03","date_gmt":"2016-06-07T17:19:03","guid":{"rendered":"https:\/\/ecoheat.lv\/?page_id=580"},"modified":"2023-05-26T11:16:57","modified_gmt":"2023-05-26T11:16:57","slug":"%d0%b3%d0%b5%d0%be%d1%82%d0%b5%d1%80%d0%bc%d0%b0%d0%bb%d1%8c%d0%bd%d1%8b%d0%b5-%d1%82%d0%b5%d0%bf%d0%bb%d0%be%d0%b2%d1%8b%d0%b5-%d0%bd%d0%b0%d1%81%d0%be%d1%81%d1%8b","status":"publish","type":"page","link":"https:\/\/ecoheat.lv\/lv\/%d0%b3%d0%b5%d0%be%d1%82%d0%b5%d1%80%d0%bc%d0%b0%d0%bb%d1%8c%d0%bd%d1%8b%d0%b5-%d1%82%d0%b5%d0%bf%d0%bb%d0%be%d0%b2%d1%8b%d0%b5-%d0%bd%d0%b0%d1%81%d0%be%d1%81%d1%8b\/","title":{"rendered":"\u0122eoterm\u0101l\u0101s siltuma s\u016bk\u0146i"},"content":{"rendered":"<div  class=\"vc_row wpb_row vc_row-fluid\"\n>\n<div class=\"container\"><div class=\"row\">\n<div class=\"wpb_column vc_column_container vc_col-sm-12\"><div class=\"vc_column-inner\"><div class=\"wpb_wrapper\">\n\t<div  class=\"wpb_single_image wpb_content_element vc_align_left\">\n\t\t\n\t\t<figure class=\"wpb_wrapper vc_figure\">\n\t\t\t<div class=\"vc_single_image-wrapper   vc_box_border_grey\"><img loading=\"lazy\" decoding=\"async\" width=\"2362\" height=\"1670\" src=\"https:\/\/ecoheat.lv\/wp-content\/uploads\/2016\/06\/DZD_TC_zeme-voda.jpg\" class=\"vc_single_image-img attachment-full\" alt=\"\" srcset=\"https:\/\/ecoheat.lv\/wp-content\/uploads\/2016\/06\/DZD_TC_zeme-voda.jpg 2362w, https:\/\/ecoheat.lv\/wp-content\/uploads\/2016\/06\/DZD_TC_zeme-voda-768x542.jpg 768w\" sizes=\"auto, (max-width: 2362px) 100vw, 2362px\" \/><\/div>\n\t\t<\/figure>\n\t<\/div>\n<\/div><\/div><\/div><\/div><\/div>\n<\/div>\t<div  class=\"vc_row wpb_row vc_row-fluid\"\n>\n<div class=\"container\"><div class=\"row\">\n<div class=\"wpb_column vc_column_container vc_col-sm-12\"><div class=\"vc_column-inner\"><div class=\"wpb_wrapper\">\n\t<div class=\"wpb_text_column wpb_content_element \" >\n\t\t<div class=\"wpb_wrapper\">\n\t\t\t<p><strong>\u0122eoterm\u0101lie siltuma s\u016bk\u0146i<\/strong><\/p>\n<p>NIBE \u0123eoterm\u0101lie siltuma s\u016bk\u0146i var samazin\u0101t j\u016bsu apkures, karst\u0101 \u016bdens un citu ener\u0123ijas izmaksas l\u012bdz pat 80%. J\u016bs b\u016bsiet priec\u012bgi par savu ieguld\u012bjumu atjaunojam\u0101s ener\u0123ijas izmanto\u0161an\u0101 un CO2 emisiju samazin\u0101\u0161an\u0101 atmosf\u0113r\u0101.<\/p>\n<p>\u0122eoterm\u0101l\u0101 ener\u0123ija, kas uzkr\u0101ta no saules zemes un dabiskajos \u016bdens avotos, vienk\u0101r\u0161i gaida savu laiku. Svar\u012bgi ir prec\u012bzi noteikt j\u016bsu m\u0101jas ener\u0123ijas pat\u0113ri\u0146u, lai var\u0113tu nodro\u0161in\u0101t apkuri, karsto \u016bdeni un gaisa kondicion\u0113\u0161anu, izmantojot \u0161o ener\u0123iju.<\/p>\n\n\t\t<\/div>\n\t<\/div>\n<\/div><\/div><\/div><\/div><\/div>\n<\/div>\t<div  class=\"vc_row wpb_row vc_row-fluid\"\n>\n<div class=\"container\"><div class=\"row\">\n<div class=\"wpb_column vc_column_container vc_col-sm-12\"><div class=\"vc_column-inner\"><div class=\"wpb_wrapper\"><div class=\"vc_separator wpb_content_element vc_separator_align_center vc_sep_width_100 vc_sep_pos_align_center vc_separator_no_text vc_sep_color_grey\" ><span class=\"vc_sep_holder vc_sep_holder_l\"><span  class=\"vc_sep_line\"><\/span><\/span><span class=\"vc_sep_holder vc_sep_holder_r\"><span  class=\"vc_sep_line\"><\/span><\/span>\n<\/div><\/div><\/div><\/div><\/div><\/div>\n<\/div>\t<div  class=\"vc_row wpb_row vc_row-fluid\"\n>\n<div class=\"container\"><div class=\"row\">\n<div class=\"wpb_column vc_column_container vc_col-sm-12\"><div class=\"vc_column-inner\"><div class=\"wpb_wrapper\">\n\t<div class=\"wpb_text_column wpb_content_element \" >\n\t\t<div class=\"wpb_wrapper\">\n\t\t\t<p><strong>NIBE\u2122 F1255<\/strong><\/p>\n<p>Invertera tehnolo\u0123ijas vad\u012bts siltuma s\u016bknis ar ieb\u016bv\u0113tu \u016bdens sild\u012bt\u0101ju.<\/p>\n<p>\u2022 Maksim\u0101lais siltumnesp\u0113jas koeficients (SCOP) l\u012bdz 6,5<br \/>\n\u2022 Divas versijas ar da\u017e\u0101du siltumnesp\u0113ju diapazonu:\u2014 1,5\u20136 kW\u2014 4\u201316 kW<br \/>\n\u2022 Energoefekt\u012bvas darb\u012bbas re\u017e\u012bms pateicoties invertera vad\u012bbai<br \/>\n\u2022 Lab\u0101kais siltumnes\u0113ja \u0146em\u0161anas punkts un optim\u0101la &#8220;atgrie\u0161an\u0101s&#8221; temperat\u016bra, pateicoties cirkul\u0101cijas s\u016bk\u0146u \u0101truma autom\u0101tiskajai regul\u0113\u0161anai<br \/>\n\u2022 Viegli lietojama inteli\u0123ent\u0101 vad\u012bbas sist\u0113ma<br \/>\n\u2022 Att\u0101lin\u0101ta p\u0101rvald\u012bba caur NIBE Uplink &#8211; bezmaksas piek\u013cuve siltuma s\u016bknim tie\u0161saist\u0113<br \/>\n\u2022 Maksim\u0101l\u0101 siltumnes\u0113ja temperat\u016bra (pieg\u0101des\/atgrie\u0161anas caurule) &#8211; 65\/58 \u00b0C<br \/>\n\u2022 Var tikt izmantots (ar papildu apr\u012bkojumu) \u016bdensbaseinu un SPA sild\u012b\u0161anai, l\u012bdz 4 apkures sist\u0113mu vad\u012b\u0161anai, akt\u012bvai\/pas\u012bvai dzes\u0113\u0161anai.<\/p>\n\n\t\t<\/div>\n\t<\/div>\n<\/div><\/div><\/div><\/div><\/div>\n<\/div>\t<div  class=\"vc_row wpb_row vc_row-fluid\"\n>\n<div class=\"container\"><div class=\"row\">\n<div class=\"wpb_column vc_column_container vc_col-sm-12\"><div class=\"vc_column-inner\"><div class=\"wpb_wrapper\"><div class=\"vc_separator wpb_content_element vc_separator_align_center vc_sep_width_100 vc_sep_pos_align_center vc_separator_no_text vc_sep_color_grey\" ><span class=\"vc_sep_holder vc_sep_holder_l\"><span  class=\"vc_sep_line\"><\/span><\/span><span class=\"vc_sep_holder vc_sep_holder_r\"><span  class=\"vc_sep_line\"><\/span><\/span>\n<\/div><\/div><\/div><\/div><\/div><\/div>\n<\/div>\t<div  class=\"vc_row wpb_row vc_row-fluid\"\n>\n<div class=\"container\"><div class=\"row\">\n<div class=\"wpb_column vc_column_container vc_col-sm-12\"><div class=\"vc_column-inner\"><div class=\"wpb_wrapper\">\n\t<div class=\"wpb_text_column wpb_content_element \" >\n\t\t<div class=\"wpb_wrapper\">\n\t\t\t<p><strong>NIBE\u2122 F1245<\/strong><br \/>\n\u0122eoterm\u0101lais siltuma s\u016bknis ar inteli\u0123entu vad\u012bbu, apr\u012bkots ar cirkul\u0101cijas s\u016bk\u0146iem ar autom\u0101tisku jaudas regul\u0113\u0161anu.<\/p>\n<p>\u2022 Ieb\u016bv\u0113ts netie\u0161as karst\u0101 \u016bdens sild\u012bt\u0101js.<br \/>\n\u2022 Saspied\u0113ja siltumsp\u0113jas diapazons: 5&#8230;12 kW (atkar\u012bb\u0101 no mode\u013ca).<br \/>\n\u2022 Ieb\u016bv\u0113ts elektriskais sild\u012bt\u0101js ar jaudu l\u012bdz 9 kW.<br \/>\n\u2022 Maksim\u0101l\u0101 saspied\u0113ja siltumsp\u0113ja + elektriskais sild\u012bt\u0101js 21 kW.<br \/>\n\u2022 Iesp\u0113jams savienot ar citiem siltuma avotiem: katlu, centraliz\u0113to siltumapg\u0101di, saules kolektoru&#8230;<br \/>\n\u2022 Rekordzems trok\u0161\u0146a l\u012bmenis un elegants dizains \u013cauj atteikties no speci\u0101la katlu telpas.<br \/>\n\u2022 Cirkul\u0101cijas s\u016bk\u0146i ar frekvences regul\u0113\u0161anu, lai autom\u0101tiski piel\u0101gotu optim\u0101los tilpuma siltumnes\u0113ja un s\u0101ls \u0161\u0137\u012bduma pl\u016bsmas, samazinot elektroener\u0123ijas pat\u0113ri\u0146u.<br \/>\n\u2022 Pla\u0161s darba temperat\u016bras diapazons:<\/p>\n<p>Siltumnes\u0113ja pieg\u0101des temperat\u016bra l\u012bdz 65\u00b0C (70\u00b0C)<br \/>\nAtpaka\u013cgaitas l\u012bnijas temperat\u016bra l\u012bdz 58\u00b0C.<br \/>\n\u2022 Pl\u0101no\u0161ana pa dien\u0101m un stund\u0101m (istabas temperat\u016bra, karstais \u016bdens, ventil\u0101cija) papildus elektroener\u0123ijas ietaup\u012bjumam.<br \/>\n\u2022 Vienk\u0101r\u0161a un intuit\u012bvi saprotama vad\u012bba, kr\u0101sains grafiskais displejs, ieb\u016bv\u0113ta pal\u012bdz\u012bba, daudzvalod\u012bba, tostarp krievu valoda.<br \/>\n\u2022 Autom\u0101tiska laika apst\u0101k\u013ciem atkar\u012bga regul\u0113\u0161ana l\u012bdz \u010detr\u0101m da\u017e\u0101du temperat\u016bru apkures sist\u0113m\u0101m.<br \/>\n\u2022 Sist\u0113mas papla\u0161in\u0101\u0161anas iesp\u0113jas, piem\u0113ram, baseina sild\u012b\u0161ana, ventil\u0101cijas siltuma rekuper\u0101cija, pas\u012bva un akt\u012bva telpu dzes\u0113\u0161ana un citi.<br \/>\n\u2022 Uzraudz\u012bba un iestat\u012bjumu mai\u0146a no datora vai viedt\u0101lru\u0146a tie\u0161saist\u0113 s\u0101kotn\u0113j\u0101 komplekt\u0101cij\u0101.<\/p>\n<p>&nbsp;<\/p>\n<p><strong>Zvaniet pa t\u0101lruni +371 26 368 820 vai sazinieties ar mums pa e-pastu: <a href=\"mailto:info@ecoheat.lv\">info@ecoheat.lv<\/a>.<\/strong><br \/>\n<strong>M\u0113s noteikti pal\u012bdz\u0113sim Jums atrast piem\u0113rotu risin\u0101jumu.<\/strong><\/p>\n\n\t\t<\/div>\n\t<\/div>\n<\/div><\/div><\/div><\/div><\/div>\n<\/div>\t<div  class=\"vc_row wpb_row vc_row-fluid\"\n>\n<div class=\"container\"><div class=\"row\">\n<div class=\"wpb_column vc_column_container vc_col-sm-4\"><div class=\"vc_column-inner\"><div class=\"wpb_wrapper\">\n\t<div  class=\"wpb_single_image wpb_content_element vc_align_left  wpb_animate_when_almost_visible wpb_left-to-right left-to-right\">\n\t\t\n\t\t<figure class=\"wpb_wrapper vc_figure\">\n\t\t\t<div class=\"vc_single_image-wrapper   vc_box_border_grey\"><img loading=\"lazy\" decoding=\"async\" width=\"184\" height=\"42\" src=\"https:\/\/ecoheat.lv\/wp-content\/uploads\/2016\/06\/Capture.png\" class=\"vc_single_image-img attachment-full\" alt=\"\" srcset=\"https:\/\/ecoheat.lv\/wp-content\/uploads\/2016\/06\/Capture.png 184w, https:\/\/ecoheat.lv\/wp-content\/uploads\/2016\/06\/Capture-768x175.png 768w\" sizes=\"auto, (max-width: 184px) 100vw, 184px\" \/><\/div>\n\t\t<\/figure>\n\t<\/div>\n<\/div><\/div><\/div><div class=\"wpb_column vc_column_container vc_col-sm-4\"><div class=\"vc_column-inner\"><div class=\"wpb_wrapper\"><\/div><\/div><\/div><div class=\"wpb_column vc_column_container vc_col-sm-4\"><div class=\"vc_column-inner\"><div class=\"wpb_wrapper\">\n\t<div  class=\"wpb_single_image wpb_content_element vc_align_left  wpb_animate_when_almost_visible wpb_left-to-right left-to-right\">\n\t\t\n\t\t<figure class=\"wpb_wrapper vc_figure\">\n\t\t\t<div class=\"vc_single_image-wrapper   vc_box_border_grey\"><img loading=\"lazy\" decoding=\"async\" width=\"320\" height=\"530\" src=\"https:\/\/ecoheat.lv\/wp-content\/uploads\/2016\/06\/F1255.jpg\" class=\"vc_single_image-img attachment-full\" alt=\"\" srcset=\"https:\/\/ecoheat.lv\/wp-content\/uploads\/2016\/06\/F1255.jpg 320w, https:\/\/ecoheat.lv\/wp-content\/uploads\/2016\/06\/F1255-768x1272.jpg 768w\" sizes=\"auto, (max-width: 320px) 100vw, 320px\" \/><\/div>\n\t\t<\/figure>\n\t<\/div>\n<\/div><\/div><\/div><\/div><\/div>\n<\/div>\n","protected":false},"excerpt":{"rendered":"\u0122eoterm\u0101lie siltuma s\u016bk\u0146i NIBE \u0123eoterm\u0101lie siltuma s\u016bk\u0146i var samazin\u0101t j\u016bsu apkures, karst\u0101 \u016bdens un citu ener\u0123ijas izmaksas l\u012bdz pat 80%. J\u016bs b\u016bsiet priec\u012bgi par savu ieguld\u012bjumu atjaunojam\u0101s ener\u0123ijas izmanto\u0161an\u0101 un CO2 emisiju samazin\u0101\u0161an\u0101 atmosf\u0113r\u0101. \u0122eoterm\u0101l\u0101 ener\u0123ija, kas uzkr\u0101ta no saules zemes un dabiskajos \u016bdens avotos, vienk\u0101r\u0161i gaida savu laiku. Svar\u012bgi ir prec\u012bzi noteikt j\u016bsu m\u0101jas [...]","protected":false},"author":1,"featured_media":0,"parent":0,"menu_order":0,"comment_status":"open","ping_status":"open","template":"template-page_leftbar.php","meta":{"footnotes":""},"class_list":["post-580","page","type-page","status-publish","hentry"],"aioseo_notices":[],"_links":{"self":[{"href":"https:\/\/ecoheat.lv\/lv\/wp-json\/wp\/v2\/pages\/580","targetHints":{"allow":["GET"]}}],"collection":[{"href":"https:\/\/ecoheat.lv\/lv\/wp-json\/wp\/v2\/pages"}],"about":[{"href":"https:\/\/ecoheat.lv\/lv\/wp-json\/wp\/v2\/types\/page"}],"author":[{"embeddable":true,"href":"https:\/\/ecoheat.lv\/lv\/wp-json\/wp\/v2\/users\/1"}],"replies":[{"embeddable":true,"href":"https:\/\/ecoheat.lv\/lv\/wp-json\/wp\/v2\/comments?post=580"}],"version-history":[{"count":5,"href":"https:\/\/ecoheat.lv\/lv\/wp-json\/wp\/v2\/pages\/580\/revisions"}],"predecessor-version":[{"id":1005,"href":"https:\/\/ecoheat.lv\/lv\/wp-json\/wp\/v2\/pages\/580\/revisions\/1005"}],"wp:attachment":[{"href":"https:\/\/ecoheat.lv\/lv\/wp-json\/wp\/v2\/media?parent=580"}],"curies":[{"name":"wp","href":"https:\/\/api.w.org\/{rel}","templated":true}]}}