{"id":612,"date":"2016-06-07T17:36:23","date_gmt":"2016-06-07T17:36:23","guid":{"rendered":"https:\/\/ecoheat.lv\/?page_id=612"},"modified":"2023-05-26T11:16:31","modified_gmt":"2023-05-26T11:16:31","slug":"%d1%82%d0%b2%d0%b5%d1%80%d0%b4%d0%be%d1%82%d0%be%d0%bf%d0%bb%d0%b8%d0%b2%d0%bd%d1%8b%d0%b5-%d0%ba%d0%be%d1%82%d0%bb%d1%8b","status":"publish","type":"page","link":"https:\/\/ecoheat.lv\/lv\/%d1%82%d0%b2%d0%b5%d1%80%d0%b4%d0%be%d1%82%d0%be%d0%bf%d0%bb%d0%b8%d0%b2%d0%bd%d1%8b%d0%b5-%d0%ba%d0%be%d1%82%d0%bb%d1%8b\/","title":{"rendered":"Cieta kurin\u0101m\u0101 katli"},"content":{"rendered":"<div  class=\"vc_row wpb_row vc_row-fluid\"\n>\n<div class=\"container\"><div class=\"row\">\n<div class=\"wpb_column vc_column_container vc_col-sm-6\"><div class=\"vc_column-inner\"><div class=\"wpb_wrapper\">\n\t<div  class=\"wpb_single_image wpb_content_element vc_align_left\">\n\t\t\n\t\t<figure class=\"wpb_wrapper vc_figure\">\n\t\t\t<div class=\"vc_single_image-wrapper   vc_box_border_grey\"><img loading=\"lazy\" decoding=\"async\" width=\"600\" height=\"600\" src=\"https:\/\/ecoheat.lv\/wp-content\/uploads\/2016\/06\/U26.jpg\" class=\"vc_single_image-img attachment-full\" alt=\"\" srcset=\"https:\/\/ecoheat.lv\/wp-content\/uploads\/2016\/06\/U26.jpg 600w, https:\/\/ecoheat.lv\/wp-content\/uploads\/2016\/06\/U26-150x150.jpg 150w, https:\/\/ecoheat.lv\/wp-content\/uploads\/2016\/06\/U26-300x300.jpg 300w, https:\/\/ecoheat.lv\/wp-content\/uploads\/2016\/06\/U26-768x768.jpg 768w, https:\/\/ecoheat.lv\/wp-content\/uploads\/2016\/06\/U26-1024x1024.jpg 1024w, https:\/\/ecoheat.lv\/wp-content\/uploads\/2016\/06\/U26-180x180.jpg 180w\" sizes=\"auto, (max-width: 600px) 100vw, 600px\" \/><\/div>\n\t\t<\/figure>\n\t<\/div>\n\n\t<div  class=\"wpb_single_image wpb_content_element vc_align_left  wpb_animate_when_almost_visible wpb_left-to-right left-to-right\">\n\t\t\n\t\t<figure class=\"wpb_wrapper vc_figure\">\n\t\t\t<div class=\"vc_single_image-wrapper   vc_box_border_grey\"><img loading=\"lazy\" decoding=\"async\" width=\"1490\" height=\"420\" src=\"https:\/\/ecoheat.lv\/wp-content\/uploads\/2016\/06\/Viadrus_logo.png\" class=\"vc_single_image-img attachment-full\" alt=\"\" srcset=\"https:\/\/ecoheat.lv\/wp-content\/uploads\/2016\/06\/Viadrus_logo.png 1490w, https:\/\/ecoheat.lv\/wp-content\/uploads\/2016\/06\/Viadrus_logo-768x216.png 768w\" sizes=\"auto, (max-width: 1490px) 100vw, 1490px\" \/><\/div>\n\t\t<\/figure>\n\t<\/div>\n<\/div><\/div><\/div><div class=\"wpb_column vc_column_container vc_col-sm-6\"><div class=\"vc_column-inner\"><div class=\"wpb_wrapper\">\n\t<div  class=\"wpb_single_image wpb_content_element vc_align_left\">\n\t\t\n\t\t<figure class=\"wpb_wrapper vc_figure\">\n\t\t\t<div class=\"vc_single_image-wrapper   vc_box_border_grey\"><img loading=\"lazy\" decoding=\"async\" width=\"604\" height=\"800\" src=\"https:\/\/ecoheat.lv\/wp-content\/uploads\/2016\/06\/HerculesU22-2010_v800.png\" class=\"vc_single_image-img attachment-full\" alt=\"\" srcset=\"https:\/\/ecoheat.lv\/wp-content\/uploads\/2016\/06\/HerculesU22-2010_v800.png 604w, https:\/\/ecoheat.lv\/wp-content\/uploads\/2016\/06\/HerculesU22-2010_v800-768x1017.png 768w\" sizes=\"auto, (max-width: 604px) 100vw, 604px\" \/><\/div>\n\t\t<\/figure>\n\t<\/div>\n<\/div><\/div><\/div><\/div><\/div>\n<\/div>\t<div  class=\"vc_row wpb_row vc_row-fluid\"\n>\n<div class=\"container\"><div class=\"row\">\n<div class=\"wpb_column vc_column_container vc_col-sm-12\"><div class=\"vc_column-inner\"><div class=\"wpb_wrapper\">\n\t<div class=\"wpb_text_column wpb_content_element \" >\n\t\t<div class=\"wpb_wrapper\">\n\t\t\t<p><strong>VIADRUS Hercules U22 D<\/strong><\/p>\n<p>Hercules U22 ir univers\u0101la k\u0101rbas koksnes, og\u013cu un koka dedzin\u0101\u0161anas kr\u0101sns. Kotelis ir apr\u012bkots ar zemu d\u016bmu trauksmi un tam ir ilgsto\u0161i p\u0101rbaud\u012bta konstrukcija.<\/p>\n<p>Jauda: 11,7 ~ 58,1 kW<\/p>\n<p>Degviela: Kokss, ogles, koka gabali\u0146i<\/p>\n<p>Priek\u0161roc\u012bbas:<br \/>\n&#8211; Ilgm\u016b\u017e\u012bga \u010cehijas lietus dzelzs siltummainis<br \/>\n&#8211; Gadu p\u0101rbaud\u012bta kotle konstrukcija<br \/>\n&#8211; Sp\u0113ja dedzin\u0101t augsta mitruma koksni (20-25%)<br \/>\n&#8211; Zemas d\u016bmu trauksmes pras\u012bbas<br \/>\n&#8211; Pa\u0161izpl\u016bdes re\u017e\u012bma iesp\u0113ja<br \/>\n&#8211; Re\u0161et\u0113m ir \u016bdens dzes\u0113\u0161ana<br \/>\n&#8211; Viegla katla uzst\u0101d\u012b\u0161ana, izmantojot v\u012bt\u0146u flan\u010dus<br \/>\n&#8211; Iesp\u0113ja p\u0101rsl\u0113gt koci\u0146u uz g\u0101zi vai \u0161\u0137idro degvielu<\/p>\n\n\t\t<\/div>\n\t<\/div>\n<\/div><\/div><\/div><\/div><\/div>\n<\/div>\t<div  class=\"vc_row wpb_row vc_row-fluid\"\n>\n<div class=\"container\"><div class=\"row\">\n<div class=\"wpb_column vc_column_container vc_col-sm-12\"><div class=\"vc_column-inner\"><div class=\"wpb_wrapper\"><div class=\"vc_separator wpb_content_element vc_separator_align_center vc_sep_width_100 vc_sep_pos_align_center vc_separator_no_text vc_sep_color_grey\" ><span class=\"vc_sep_holder vc_sep_holder_l\"><span  class=\"vc_sep_line\"><\/span><\/span><span class=\"vc_sep_holder vc_sep_holder_r\"><span  class=\"vc_sep_line\"><\/span><\/span>\n<\/div><\/div><\/div><\/div><\/div><\/div>\n<\/div>\t<div  class=\"vc_row wpb_row vc_row-fluid\"\n>\n<div class=\"container\"><div class=\"row\">\n<div class=\"wpb_column vc_column_container vc_col-sm-12\"><div class=\"vc_column-inner\"><div class=\"wpb_wrapper\">\n\t<div class=\"wpb_text_column wpb_content_element \" >\n\t\t<div class=\"wpb_wrapper\">\n\t\t\t<p><strong>VIADRUS Hercules U26<\/strong><\/p>\n<p>Hercules U26 ir univers\u0101la k\u0101rbas koksnes, og\u013cu un koka dedzin\u0101\u0161anas kr\u0101sns. Uzl\u0101des atveres forma ir izstr\u0101d\u0101ta, \u0146emot v\u0113r\u0101 koka gabali\u0146u izmanto\u0161anu apkurei.<\/p>\n<p>Jauda: 12 &#8211; 72 kW<\/p>\n<p>Degviela: Meln\u0101s ogles, kokss, koks<\/p>\n<p>Priek\u0161roc\u012bbas:<br \/>\n&#8211; Augstas kvalit\u0101tes \u010cehijas lietus dzelzs siltummainis<br \/>\n&#8211; Sp\u0113ja dedzin\u0101t augsta mitruma koksni (20%)<br \/>\n&#8211; Pa\u0161izpl\u016bdes re\u017e\u012bma iesp\u0113ja<br \/>\n&#8211; Re\u0161et\u0113m ir \u016bdens dzes\u0113\u0161ana<br \/>\n&#8211; Vienk\u0101r\u0161a apkopes un ekspluat\u0101cijas veik\u0161ana<br \/>\n&#8211; V\u012btnes flan\u010di, kas atvieglo uzst\u0101d\u012b\u0161anu<br \/>\n&#8211; Jaudas vari\u0101cija atkar\u012bb\u0101 no sekciju skaita<br \/>\n&#8211; Iesp\u0113ja papildus main\u012bt jaudu<\/p>\n<p><strong>Zvaniet pa t\u0101lruni +371 26 368 820 vai sazinieties ar mums pa e-pastu: <a href=\"mailto:info@ecoheat.lv\">info@ecoheat.lv<\/a>.<\/strong><br \/>\n<strong>M\u0113s noteikti pal\u012bdz\u0113sim jums atrast piem\u0113rotu ris<\/p>\n<p>in\u0101jumu.<\/strong><\/p>\n\n\t\t<\/div>\n\t<\/div>\n<\/div><\/div><\/div><\/div><\/div>\n<\/div>\t<div  class=\"vc_row wpb_row vc_row-fluid\"\n>\n<div class=\"container\"><div class=\"row\">\n<div class=\"wpb_column vc_column_container vc_col-sm-4\"><div class=\"vc_column-inner\"><div class=\"wpb_wrapper\"><div class=\"vc_btn3-container vc_btn3-inline\" ><a class=\"vc_general vc_btn3 vc_btn3-size-lg vc_btn3-shape-rounded vc_btn3-style-modern vc_btn3-color-success\" href=\"http:\/\/ecoheat.lv\/wp-content\/uploads\/2016\/06\/RU_VIADRUS_pl-19_HERCULES_U_22CD_web.pdf\" title=\"U22\" target=\"_blank\">Hercules U22 Katalogs<\/a><\/div><\/div><\/div><\/div><div class=\"wpb_column vc_column_container vc_col-sm-4\"><div class=\"vc_column-inner\"><div class=\"wpb_wrapper\"><div class=\"vc_btn3-container vc_btn3-inline\" ><a class=\"vc_general vc_btn3 vc_btn3-size-lg vc_btn3-shape-rounded vc_btn3-style-modern vc_btn3-color-success\" href=\"http:\/\/ecoheat.lv\/wp-content\/uploads\/2016\/06\/RU_HerculesU26_120810-1.pdf\" title=\"U26\" target=\"_blank\">Hercules U26 Katalogs<\/a><\/div><\/div><\/div><\/div><div class=\"wpb_column vc_column_container vc_col-sm-4\"><div class=\"vc_column-inner\"><div class=\"wpb_wrapper\"><\/div><\/div><\/div><\/div><\/div>\n<\/div>\n","protected":false},"excerpt":{"rendered":"VIADRUS Hercules U22 D Hercules U22 ir univers\u0101la k\u0101rbas koksnes, og\u013cu un koka dedzin\u0101\u0161anas kr\u0101sns. Kotelis ir apr\u012bkots ar zemu d\u016bmu trauksmi un tam ir ilgsto\u0161i p\u0101rbaud\u012bta konstrukcija. Jauda: 11,7 ~ 58,1 kW Degviela: Kokss, ogles, koka gabali\u0146i Priek\u0161roc\u012bbas: - Ilgm\u016b\u017e\u012bga \u010cehijas lietus dzelzs siltummainis - Gadu p\u0101rbaud\u012bta kotle konstrukcija - Sp\u0113ja dedzin\u0101t augsta mitruma [...]","protected":false},"author":1,"featured_media":0,"parent":0,"menu_order":0,"comment_status":"open","ping_status":"open","template":"template-page_leftbar.php","meta":{"footnotes":""},"class_list":["post-612","page","type-page","status-publish","hentry"],"aioseo_notices":[],"_links":{"self":[{"href":"https:\/\/ecoheat.lv\/lv\/wp-json\/wp\/v2\/pages\/612","targetHints":{"allow":["GET"]}}],"collection":[{"href":"https:\/\/ecoheat.lv\/lv\/wp-json\/wp\/v2\/pages"}],"about":[{"href":"https:\/\/ecoheat.lv\/lv\/wp-json\/wp\/v2\/types\/page"}],"author":[{"embeddable":true,"href":"https:\/\/ecoheat.lv\/lv\/wp-json\/wp\/v2\/users\/1"}],"replies":[{"embeddable":true,"href":"https:\/\/ecoheat.lv\/lv\/wp-json\/wp\/v2\/comments?post=612"}],"version-history":[{"count":5,"href":"https:\/\/ecoheat.lv\/lv\/wp-json\/wp\/v2\/pages\/612\/revisions"}],"predecessor-version":[{"id":1004,"href":"https:\/\/ecoheat.lv\/lv\/wp-json\/wp\/v2\/pages\/612\/revisions\/1004"}],"wp:attachment":[{"href":"https:\/\/ecoheat.lv\/lv\/wp-json\/wp\/v2\/media?parent=612"}],"curies":[{"name":"wp","href":"https:\/\/api.w.org\/{rel}","templated":true}]}}