{"id":653,"date":"2016-06-08T10:02:23","date_gmt":"2016-06-08T10:02:23","guid":{"rendered":"https:\/\/ecoheat.lv\/?page_id=653"},"modified":"2023-05-26T11:15:02","modified_gmt":"2023-05-26T11:15:02","slug":"%d1%81%d0%b5%d1%80%d0%b2%d0%b8%d1%81%d0%bd%d0%be%d0%b5-%d0%be%d0%b1%d1%81%d0%bb%d1%83%d0%b6%d0%b8%d0%b2%d0%b0%d0%bd%d0%b8%d0%b5","status":"publish","type":"page","link":"https:\/\/ecoheat.lv\/lv\/%d1%81%d0%b5%d1%80%d0%b2%d0%b8%d1%81%d0%bd%d0%be%d0%b5-%d0%be%d0%b1%d1%81%d0%bb%d1%83%d0%b6%d0%b8%d0%b2%d0%b0%d0%bd%d0%b8%d0%b5\/","title":{"rendered":"Apkalpo\u0161anas serviss"},"content":{"rendered":"<div  class=\"vc_row wpb_row vc_row-fluid\"\n>\n<div class=\"container\"><div class=\"row\">\n<div class=\"wpb_column vc_column_container vc_col-sm-12\"><div class=\"vc_column-inner\"><div class=\"wpb_wrapper\">\n\t<div  class=\"wpb_single_image wpb_content_element vc_align_left  wpb_animate_when_almost_visible wpb_left-to-right left-to-right\">\n\t\t\n\t\t<figure class=\"wpb_wrapper vc_figure\">\n\t\t\t<div class=\"vc_single_image-wrapper   vc_box_border_grey\"><img loading=\"lazy\" decoding=\"async\" width=\"1000\" height=\"300\" src=\"https:\/\/ecoheat.lv\/wp-content\/uploads\/2016\/06\/service2.jpg\" class=\"vc_single_image-img attachment-full\" alt=\"\" srcset=\"https:\/\/ecoheat.lv\/wp-content\/uploads\/2016\/06\/service2.jpg 1000w, https:\/\/ecoheat.lv\/wp-content\/uploads\/2016\/06\/service2-768x230.jpg 768w\" sizes=\"auto, (max-width: 1000px) 100vw, 1000px\" \/><\/div>\n\t\t<\/figure>\n\t<\/div>\n<\/div><\/div><\/div><\/div><\/div>\n<\/div>\t<div  class=\"vc_row wpb_row vc_row-fluid\"\n>\n<div class=\"container\"><div class=\"row\">\n<div class=\"wpb_column vc_column_container vc_col-sm-12\"><div class=\"vc_column-inner\"><div class=\"wpb_wrapper\">\n\t<div class=\"wpb_text_column wpb_content_element \" >\n\t\t<div class=\"wpb_wrapper\">\n\t\t\t<p><strong>Servisa apkope<\/strong><\/p>\n<p>Jebkur\u0101 laik\u0101 j\u016bs varat sa\u0146emt konsult\u0101ciju par apkopes, remonta, apkures sist\u0113mu sagatavo\u0161anu apkures sezonai un \u0113kas in\u017eeniert\u012bklu darb\u012bbu kopum\u0101, zvanot uz t\u0101lruni 2636 8820.<\/p>\n<p>Apkalpo\u0161anas tehniskaj\u0101m darb\u012bb\u0101m ir \u0161\u0101di veidi:<\/p>\n<p>\u2022 Regul\u0101ra tehnisk\u0101 apkope sist\u0113mu darb\u012bbas saglab\u0101\u0161anai.<br \/>\n\u2022 Pl\u0101not\u0101s un profilaktisk\u0101s apkopes darbi apkures sist\u0113m\u0101.<br \/>\n\u2022 Nepiecie\u0161am\u012bbas gad\u012bjum\u0101 veikt neatliekamo remontu, ja iek\u0101rta ir sal\u016bzusi vai boj\u0101ta.<\/p>\n<p>Regul\u0101r\u0101 tehnisk\u0101 apkope ietver \u0161\u0101dus pakalpojumus:<\/p>\n<p>\u2022 Regul\u0101ra uzraudz\u012bba, lai nodro\u0161in\u0101tu apkalpojam\u0101s sist\u0113mas darba parametru iev\u0113ro\u0161anu.<br \/>\n\u2022 Kontroles un m\u0113r\u012b\u0161anas ier\u012b\u010du r\u0101d\u012bjumu anal\u012bze un, ja nepiecie\u0161ams, apkures sist\u0113mas automatiz\u0101cijas regul\u0113\u0161ana.<br \/>\n\u2022 Regul\u0101ra cauru\u013cvadu p\u0101rbaude apkures sist\u0113mas tehnisk\u0101s apkopes laik\u0101, boj\u0101tas \u016bdens aizv\u0113r\u0161anas ier\u012bces remonts.<br \/>\n\u2022 Boj\u0101tu kontrolm\u0113r\u012bt\u0101ju (manometru, termometru) p\u0101rbaude un aizvieto\u0161ana.<br \/>\n\u2022 S\u016bk\u0146u p\u0101rbaude un remonts.<br \/>\n\u2022 \u016adens aizv\u0113r\u0161anas ier\u012b\u010du p\u0101rbaude un remonts.<br \/>\n\u2022 Spiediena p\u0101rbaude.<\/p>\n<p><strong>Zvaniet pa t\u0101lruni +371 26 368 820 vai sazinieties ar mums pa e-pastu: <a href=\"mailto:info@ecoheat.lv\">info@ecoheat.lv<\/a>.<\/strong><br \/>\n<strong>M\u0113s noteikti pal\u012bdz\u0113sim jums atrast piem\u0113rotu risin\u0101jumu.<\/strong><\/p>\n\n\t\t<\/div>\n\t<\/div>\n<\/div><\/div><\/div><\/div><\/div>\n<\/div>\t<div  class=\"vc_row wpb_row vc_row-fluid\"\n>\n<div class=\"container\"><div class=\"row\">\n<div class=\"wpb_column vc_column_container vc_col-sm-12\"><div class=\"vc_column-inner\"><div class=\"wpb_wrapper\">\n\t<div  class=\"wpb_single_image wpb_content_element vc_align_left  wpb_animate_when_almost_visible wpb_left-to-right left-to-right\">\n\t\t\n\t\t<figure class=\"wpb_wrapper vc_figure\">\n\t\t\t<div class=\"vc_single_image-wrapper   vc_box_border_grey\"><img loading=\"lazy\" decoding=\"async\" width=\"1000\" height=\"300\" src=\"https:\/\/ecoheat.lv\/wp-content\/uploads\/2016\/06\/service1.jpg\" class=\"vc_single_image-img attachment-full\" alt=\"\" srcset=\"https:\/\/ecoheat.lv\/wp-content\/uploads\/2016\/06\/service1.jpg 1000w, https:\/\/ecoheat.lv\/wp-content\/uploads\/2016\/06\/service1-768x230.jpg 768w\" sizes=\"auto, (max-width: 1000px) 100vw, 1000px\" \/><\/div>\n\t\t<\/figure>\n\t<\/div>\n<\/div><\/div><\/div><\/div><\/div>\n<\/div>\n","protected":false},"excerpt":{"rendered":"Servisa apkope Jebkur\u0101 laik\u0101 j\u016bs varat sa\u0146emt konsult\u0101ciju par apkopes, remonta, apkures sist\u0113mu sagatavo\u0161anu apkures sezonai un \u0113kas in\u017eeniert\u012bklu darb\u012bbu kopum\u0101, zvanot uz t\u0101lruni 2636 8820. Apkalpo\u0161anas tehniskaj\u0101m darb\u012bb\u0101m ir \u0161\u0101di veidi: \u2022 Regul\u0101ra tehnisk\u0101 apkope sist\u0113mu darb\u012bbas saglab\u0101\u0161anai. \u2022 Pl\u0101not\u0101s un profilaktisk\u0101s apkopes darbi apkures sist\u0113m\u0101. \u2022 Nepiecie\u0161am\u012bbas gad\u012bjum\u0101 veikt neatliekamo remontu, ja iek\u0101rta [...]","protected":false},"author":1,"featured_media":0,"parent":0,"menu_order":0,"comment_status":"open","ping_status":"open","template":"template-page_leftbar.php","meta":{"footnotes":""},"class_list":["post-653","page","type-page","status-publish","hentry"],"aioseo_notices":[],"_links":{"self":[{"href":"https:\/\/ecoheat.lv\/lv\/wp-json\/wp\/v2\/pages\/653","targetHints":{"allow":["GET"]}}],"collection":[{"href":"https:\/\/ecoheat.lv\/lv\/wp-json\/wp\/v2\/pages"}],"about":[{"href":"https:\/\/ecoheat.lv\/lv\/wp-json\/wp\/v2\/types\/page"}],"author":[{"embeddable":true,"href":"https:\/\/ecoheat.lv\/lv\/wp-json\/wp\/v2\/users\/1"}],"replies":[{"embeddable":true,"href":"https:\/\/ecoheat.lv\/lv\/wp-json\/wp\/v2\/comments?post=653"}],"version-history":[{"count":5,"href":"https:\/\/ecoheat.lv\/lv\/wp-json\/wp\/v2\/pages\/653\/revisions"}],"predecessor-version":[{"id":1002,"href":"https:\/\/ecoheat.lv\/lv\/wp-json\/wp\/v2\/pages\/653\/revisions\/1002"}],"wp:attachment":[{"href":"https:\/\/ecoheat.lv\/lv\/wp-json\/wp\/v2\/media?parent=653"}],"curies":[{"name":"wp","href":"https:\/\/api.w.org\/{rel}","templated":true}]}}