{"id":668,"date":"2016-06-13T13:45:59","date_gmt":"2016-06-13T13:45:59","guid":{"rendered":"https:\/\/ecoheat.lv\/?page_id=668"},"modified":"2023-05-26T11:11:09","modified_gmt":"2023-05-26T11:11:09","slug":"m%d0%be%d0%bd%d1%82%d0%b0%d0%b6","status":"publish","type":"page","link":"https:\/\/ecoheat.lv\/lv\/m%d0%be%d0%bd%d1%82%d0%b0%d0%b6\/","title":{"rendered":"Mont\u0101\u017es"},"content":{"rendered":"<div  class=\"vc_row wpb_row vc_row-fluid\"\n>\n<div class=\"container\"><div class=\"row\">\n<div class=\"wpb_column vc_column_container vc_col-sm-12\"><div class=\"vc_column-inner\"><div class=\"wpb_wrapper\">\n\t<div  class=\"wpb_single_image wpb_content_element vc_align_left  wpb_animate_when_almost_visible wpb_left-to-right left-to-right\">\n\t\t\n\t\t<figure class=\"wpb_wrapper vc_figure\">\n\t\t\t<div class=\"vc_single_image-wrapper   vc_box_border_grey\"><img loading=\"lazy\" decoding=\"async\" width=\"970\" height=\"280\" src=\"https:\/\/ecoheat.lv\/wp-content\/uploads\/2016\/06\/mont2.jpg\" class=\"vc_single_image-img attachment-full\" alt=\"\" srcset=\"https:\/\/ecoheat.lv\/wp-content\/uploads\/2016\/06\/mont2.jpg 970w, https:\/\/ecoheat.lv\/wp-content\/uploads\/2016\/06\/mont2-768x221.jpg 768w\" sizes=\"auto, (max-width: 970px) 100vw, 970px\" \/><\/div>\n\t\t<\/figure>\n\t<\/div>\n<\/div><\/div><\/div><\/div><\/div>\n<\/div>\t<div  class=\"vc_row wpb_row vc_row-fluid\"\n>\n<div class=\"container\"><div class=\"row\">\n<div class=\"wpb_column vc_column_container vc_col-sm-12\"><div class=\"vc_column-inner\"><div class=\"wpb_wrapper\">\n\t<div class=\"wpb_text_column wpb_content_element \" >\n\t\t<div class=\"wpb_wrapper\">\n\t\t\t<p><strong>Mont\u0101\u017ea apkures sist\u0113m\u0101m<\/strong><\/p>\n<p>Ar 15 gadu pieredzi un profesion\u0101lu komandu m\u0113s pied\u0101v\u0101jam apkures sist\u0113mu mont\u0101\u017eu un apkopi da\u017e\u0101d\u0101m vajadz\u012bb\u0101m:<br \/>\n\u2022 Izstr\u0101d\u0101sim lab\u0101ko risin\u0101jumu, nepiecie\u0161am\u012bbas gad\u012bjum\u0101 veiksim projektu<br \/>\n\u2022 Uzst\u0101d\u0101m \u0123eoterm\u0101los &#8220;zemju&#8221; un &#8220;gaiss-\u016bdens&#8221; siltuma s\u016bk\u0146us<br \/>\n\u2022 G\u0101zes apkures sist\u0113mu uzst\u0101d\u012b\u0161ana, g\u0101zes vadu trases, projekt\u0113\u0161ana<br \/>\n\u2022 Eso\u0161o katlu m\u0101ju uzlabo\u0161ana, tostarp p\u0101reja no &#8220;d\u012bze\u013cdegvielas&#8221; uz granulu apkuri<br \/>\n\u2022 Apkures sist\u0113mu b\u016bvuzraudz\u012bba, ekspert\u012bze<\/p>\n<p>\u2022 P\u0113capkopes pakalpojumi<\/p>\n<p>M\u0113s sniedzam 3 gadu garantiju uz uzst\u0101d\u012btaj\u0101m sist\u0113m\u0101m, nosl\u0113dzot ar mums l\u012bgumu par apkopes pakalpojumiem uz \u0161o periodu!<\/p>\n<p><strong>Zvaniet pa t\u0101lruni +371 26 368 820 vai sazinieties ar mums pa e-pastu: <a href=\"mailto:info@ecoheat.lv\">info@ecoheat.lv<\/a>.<\/strong><br \/>\n<strong>M\u0113s noteikti pal\u012bdz\u0113sim Jums izv\u0113l\u0113ties piem\u0113rotu risin\u0101jumu.<\/strong><\/p>\n\n\t\t<\/div>\n\t<\/div>\n<\/div><\/div><\/div><\/div><\/div>\n<\/div>\t<div  class=\"vc_row wpb_row vc_row-fluid\"\n>\n<div class=\"container\"><div class=\"row\">\n<div class=\"wpb_column vc_column_container vc_col-sm-12\"><div class=\"vc_column-inner\"><div class=\"wpb_wrapper\">\n\t<div  class=\"wpb_single_image wpb_content_element vc_align_left  wpb_animate_when_almost_visible wpb_left-to-right left-to-right\">\n\t\t\n\t\t<figure class=\"wpb_wrapper vc_figure\">\n\t\t\t<div class=\"vc_single_image-wrapper   vc_box_border_grey\"><img loading=\"lazy\" decoding=\"async\" width=\"1205\" height=\"904\" src=\"https:\/\/ecoheat.lv\/wp-content\/uploads\/2016\/06\/mont3.jpg\" class=\"vc_single_image-img attachment-full\" alt=\"\" srcset=\"https:\/\/ecoheat.lv\/wp-content\/uploads\/2016\/06\/mont3.jpg 1205w, https:\/\/ecoheat.lv\/wp-content\/uploads\/2016\/06\/mont3-768x576.jpg 768w\" sizes=\"auto, (max-width: 1205px) 100vw, 1205px\" \/><\/div>\n\t\t<\/figure>\n\t<\/div>\n<\/div><\/div><\/div><\/div><\/div>\n<\/div>\n","protected":false},"excerpt":{"rendered":"Mont\u0101\u017ea apkures sist\u0113m\u0101m Ar 15 gadu pieredzi un profesion\u0101lu komandu m\u0113s pied\u0101v\u0101jam apkures sist\u0113mu mont\u0101\u017eu un apkopi da\u017e\u0101d\u0101m vajadz\u012bb\u0101m: \u2022 Izstr\u0101d\u0101sim lab\u0101ko risin\u0101jumu, nepiecie\u0161am\u012bbas gad\u012bjum\u0101 veiksim projektu \u2022 Uzst\u0101d\u0101m \u0123eoterm\u0101los \"zemju\" un \"gaiss-\u016bdens\" siltuma s\u016bk\u0146us \u2022 G\u0101zes apkures sist\u0113mu uzst\u0101d\u012b\u0161ana, g\u0101zes vadu trases, projekt\u0113\u0161ana \u2022 Eso\u0161o katlu m\u0101ju uzlabo\u0161ana, tostarp p\u0101reja no \"d\u012bze\u013cdegvielas\" uz granulu [...]","protected":false},"author":1,"featured_media":0,"parent":0,"menu_order":0,"comment_status":"open","ping_status":"open","template":"template-page_leftbar.php","meta":{"footnotes":""},"class_list":["post-668","page","type-page","status-publish","hentry"],"aioseo_notices":[],"_links":{"self":[{"href":"https:\/\/ecoheat.lv\/lv\/wp-json\/wp\/v2\/pages\/668","targetHints":{"allow":["GET"]}}],"collection":[{"href":"https:\/\/ecoheat.lv\/lv\/wp-json\/wp\/v2\/pages"}],"about":[{"href":"https:\/\/ecoheat.lv\/lv\/wp-json\/wp\/v2\/types\/page"}],"author":[{"embeddable":true,"href":"https:\/\/ecoheat.lv\/lv\/wp-json\/wp\/v2\/users\/1"}],"replies":[{"embeddable":true,"href":"https:\/\/ecoheat.lv\/lv\/wp-json\/wp\/v2\/comments?post=668"}],"version-history":[{"count":5,"href":"https:\/\/ecoheat.lv\/lv\/wp-json\/wp\/v2\/pages\/668\/revisions"}],"predecessor-version":[{"id":997,"href":"https:\/\/ecoheat.lv\/lv\/wp-json\/wp\/v2\/pages\/668\/revisions\/997"}],"wp:attachment":[{"href":"https:\/\/ecoheat.lv\/lv\/wp-json\/wp\/v2\/media?parent=668"}],"curies":[{"name":"wp","href":"https:\/\/api.w.org\/{rel}","templated":true}]}}