{"id":554,"date":"2016-06-07T16:37:23","date_gmt":"2016-06-07T16:37:23","guid":{"rendered":"https:\/\/ecoheat.lv\/?page_id=554"},"modified":"2023-05-26T11:15:42","modified_gmt":"2023-05-26T11:15:42","slug":"vodjanoi-teplyj-pol","status":"publish","type":"page","link":"https:\/\/ecoheat.lv\/ru\/vodjanoi-teplyj-pol\/","title":{"rendered":"\u016adens gr\u012bdas sild\u012b\u0161ana"},"content":{"rendered":"<div  class=\"vc_row wpb_row vc_row-fluid\"\n>\n<div class=\"container\"><div class=\"row\">\n<div class=\"wpb_column vc_column_container vc_col-sm-6\"><div class=\"vc_column-inner\"><div class=\"wpb_wrapper\">\n\t<div  class=\"wpb_single_image wpb_content_element vc_align_left  wpb_animate_when_almost_visible wpb_left-to-right left-to-right\">\n\t\t\n\t\t<figure class=\"wpb_wrapper vc_figure\">\n\t\t\t<div class=\"vc_single_image-wrapper   vc_box_border_grey\"><img loading=\"lazy\" decoding=\"async\" width=\"300\" height=\"276\" src=\"https:\/\/ecoheat.lv\/wp-content\/uploads\/2016\/06\/radiant-floor-heater-hydronic-image.jpg\" class=\"vc_single_image-img attachment-full\" alt=\"\" srcset=\"https:\/\/ecoheat.lv\/wp-content\/uploads\/2016\/06\/radiant-floor-heater-hydronic-image.jpg 300w, https:\/\/ecoheat.lv\/wp-content\/uploads\/2016\/06\/radiant-floor-heater-hydronic-image-768x706.jpg 768w\" sizes=\"auto, (max-width: 300px) 100vw, 300px\" \/><\/div>\n\t\t<\/figure>\n\t<\/div>\n<\/div><\/div><\/div><div class=\"wpb_column vc_column_container vc_col-sm-6\"><div class=\"vc_column-inner\"><div class=\"wpb_wrapper\"><\/div><\/div><\/div><\/div><\/div>\n<\/div>\t<div  class=\"vc_row wpb_row vc_row-fluid\"\n>\n<div class=\"container\"><div class=\"row\">\n<div class=\"wpb_column vc_column_container vc_col-sm-12\"><div class=\"vc_column-inner\"><div class=\"wpb_wrapper\">\n\t<div class=\"wpb_text_column wpb_content_element \" >\n\t\t<div class=\"wpb_wrapper\">\n\t\t\t<p><strong>Silt\u0101 gr\u012bdas sist\u0113mas &#8211; darbs ar materi\u0101liem:<\/strong><\/p>\n<p>Gr\u012bdas sild\u012b\u0161anas caurule 16&#215;2,0, uzst\u0101d\u012b\u0161anas solis 15 cm, uzst\u0101d\u012b\u0161ana, cauru\u013cu p\u0101rbaude &#8211; no 12 \u20ac\/m2<\/p>\n<p>Gr\u012bdas sild\u012b\u0161anas caurule 20&#215;2,0, uzst\u0101d\u012b\u0161anas solis 30 cm, uzst\u0101d\u012b\u0161ana, cauru\u013cu p\u0101rbaude &#8211; no 9 \u20ac\/m2<\/p>\n<p>Gr\u012bdas sild\u012b\u0161anas caurule 16&#215;2,0, uzst\u0101d\u012b\u0161anas solis 15 cm, apkures kolektors, uzst\u0101d\u012b\u0161ana, cauru\u013cu p\u0101rbaude &#8211; no 15 \u20ac\/m2<\/p>\n<p>Gr\u012bdas sild\u012b\u0161anas caurule 20&#215;2,0, uzst\u0101d\u012b\u0161anas solis 30 cm, apkures kolektors, uzst\u0101d\u012b\u0161ana, cauru\u013cu p\u0101rbaude &#8211; no 12 \u20ac\/m2<\/p>\n<p>Gr\u012bdas sild\u012b\u0161anas projekts priv\u0101tm\u0101jai no 295 \u20ac<\/p>\n<p>Izmantotie materi\u0101li &#8220;silt\u0101s gr\u012bdas&#8221; sist\u0113mai:<\/p>\n<p>Gr\u012bdas sild\u012b\u0161anas caurule ar sk\u0101bek\u013ca barjeru 16&#215;2,0 &#8211; 0,49 \u20ac\/jm<\/p>\n<p>Gr\u012bdas sild\u012b\u0161anas caurule ar sk\u0101bek\u013ca barjeru 20&#215;2,0 &#8211; 0,59 \u20ac\/jm<\/p>\n<p>Apkures kolektori un autom\u0101tika no uz\u0146\u0113mumiem Giacomini, Danfoss, Kromschr\u00f6der.<\/p>\n<p><strong>Zvaniet pa t\u0101lruni +371 26 368 820 vai sazinieties ar mums pa e-pastu: <a href=\"mailto:info@ecoheat.lv\">info@ecoheat.lv<\/a>.<\/strong><br \/>\n<strong>M\u0113s noteikti pal\u012bdz\u0113sim Jums izv\u0113l\u0113ties piem\u0113rotu risin\u0101jumu.<\/strong><\/p>\n\n\t\t<\/div>\n\t<\/div>\n<\/div><\/div><\/div><\/div><\/div>\n<\/div>\t<div  class=\"vc_row wpb_row vc_row-fluid\"\n>\n<div class=\"container\"><div class=\"row\">\n<div class=\"wpb_column vc_column_container vc_col-sm-12\"><div class=\"vc_column-inner\"><div class=\"wpb_wrapper\">\n\t<div  class=\"wpb_single_image wpb_content_element vc_align_right\">\n\t\t\n\t\t<figure class=\"wpb_wrapper vc_figure\">\n\t\t\t<div class=\"vc_single_image-wrapper   vc_box_border_grey\"><img loading=\"lazy\" decoding=\"async\" width=\"763\" height=\"391\" src=\"https:\/\/ecoheat.lv\/wp-content\/uploads\/2016\/06\/in-floor.jpg\" class=\"vc_single_image-img attachment-full\" alt=\"\" srcset=\"https:\/\/ecoheat.lv\/wp-content\/uploads\/2016\/06\/in-floor.jpg 763w, https:\/\/ecoheat.lv\/wp-content\/uploads\/2016\/06\/in-floor-768x393.jpg 768w\" sizes=\"auto, (max-width: 763px) 100vw, 763px\" \/><\/div>\n\t\t<\/figure>\n\t<\/div>\n<\/div><\/div><\/div><\/div><\/div>\n<\/div>\t<div  class=\"vc_row wpb_row vc_row-fluid\"\n>\n<div class=\"container\"><div class=\"row\">\n<div class=\"wpb_column vc_column_container vc_col-sm-12\"><div class=\"vc_column-inner\"><div class=\"wpb_wrapper\"><div class=\"vc_separator wpb_content_element vc_separator_align_center vc_sep_width_100 vc_sep_pos_align_center vc_separator_no_text vc_sep_color_grey\" ><span class=\"vc_sep_holder vc_sep_holder_l\"><span  class=\"vc_sep_line\"><\/span><\/span><span class=\"vc_sep_holder vc_sep_holder_r\"><span  class=\"vc_sep_line\"><\/span><\/span>\n<\/div><\/div><\/div><\/div><\/div><\/div>\n<\/div>\t<div  class=\"vc_row wpb_row vc_row-fluid\"\n>\n<div class=\"container\"><div class=\"row\">\n<\/div><\/div>\n<\/div><div class=\"wpb_column vc_column_container vc_col-sm-12\"><div class=\"vc_column-inner\"><div class=\"wpb_wrapper\"><\/div><\/div><\/div>\n\t<div class=\"wpb_text_column wpb_content_element \" >\n\t\t<div class=\"wpb_wrapper\">\n\t\t\t\n\t\t<\/div>\n\t<\/div>\n<strong>Par siltaj\u0101m gr\u012bd\u0101m kopum\u0101:<\/strong><\/p>\n<p>Gr\u012bdas sild\u012b\u0161anas uzst\u0101d\u012b\u0161ana ir piem\u0113rota jebkur\u0101m telp\u0101m, kur tas ir iesp\u0113jams, atkar\u012bb\u0101 no b\u016bvkonstrukcijas. Silt\u0101s gr\u012bdas sist\u0113m\u0101 izmanto zemas temperat\u016bras \u0161\u0137idrumu (30-40 \u00b0 C), kas cirkul\u0113 caur uzst\u0101d\u012bto silt\u0101s gr\u012bdas sist\u0113mu.<\/p>\n<p>Gr\u012bdas sild\u012b\u0161anu var<\/p>\n<p> uzst\u0101d\u012bt kop\u0101 ar jebkuru parastu apkures iek\u0101rtu Igaunij\u0101: ciet\u0101 kurin\u0101m\u0101 katli, g\u0101zes katli, elektriskie katli un &#8220;d\u012bze\u013ca&#8221; katli (vieglais kurin\u0101mais). Silt\u0101s gr\u012bdas sist\u0113ma ir ar\u012b ide\u0101li piem\u0113rota m\u0101j\u0101m ar izv\u0113l\u0113tu siltuma avotu, piem\u0113ram, siltuma s\u016bknim.<\/p>\n<p>Gr\u012bdas sild\u012b\u0161ana ar\u012b pal\u012bdz ietaup\u012bt izmaksas. Izdevumi gr\u012bdas sild\u012b\u0161anai (materi\u0101li un mont\u0101\u017eas darbi) ir gandr\u012bz t\u0101di pa\u0161i k\u0101 radiatoru apkurei, bet j\u016btama ietaup\u012bjums apkures sezon\u0101. Gad\u012bjum\u0101 ar gr\u012bdas sild\u012b\u0161anu temperat\u016bras sadal\u012bjums telp\u0101s ir vienm\u0113r\u012bg\u0101ks, kas \u013cauj samazin\u0101t telpas temperat\u016bru par vair\u0101kiem gr\u0101diem, un t\u0101pat cilv\u0113ki telp\u0101 to pat nejut\u012bs. Katra 1 \u00b0C telpas temperat\u016bras samazin\u0101\u0161ana vid\u0113ji samazina apkures izmaksas par 5-7%. Gad\u012bjum\u0101 ar 200 m\u00b2 m\u0101ju (atkar\u012bb\u0101 no siltuma avota) ietaup\u012bjums gad\u0101 ir apm\u0113ram 50-100 eiro.<\/p>\n<p>Laika apst\u0101k\u013ciem piel\u0101gotu gr\u012bdas sild\u012b\u0161anas regulatoru nodro\u0161ina autom\u0101tiska telpas temperat\u016bras regul\u0101cija atbilsto\u0161i j\u016bsu vajadz\u012bb\u0101m un v\u0113lm\u0113m. Telpas gr\u012bdas temperat\u016bra ir vienm\u0113r\u012bga. J\u016bs varat izmantot vispopul\u0101r\u0101kos gr\u012bdas segumus: keramikas fl\u012bzes, pakl\u0101ji, parkets. Pareiza iestat\u012bjumu un autom\u0101tikas izmanto\u0161ana nodro\u0161ina paredzamo temperat\u016bru telp\u0101s pat aukst\u0101 ziem\u0101.<\/vc_column_text><\/vc_column][\/vc_row]\n<\/p>\n","protected":false},"excerpt":{"rendered":"<p>Par siltaj\u0101m gr\u012bd\u0101m kopum\u0101: Gr\u012bdas sild\u012b\u0161anas uzst\u0101d\u012b\u0161ana ir piem\u0113rota jebkur\u0101m telp\u0101m, kur tas ir iesp\u0113jams, atkar\u012bb\u0101 no b\u016bvkonstrukcijas. Silt\u0101s gr\u012bdas sist\u0113m\u0101 izmanto zemas temperat\u016bras \u0161\u0137idrumu (30-40 \u00b0 C), kas cirkul\u0113 caur uzst\u0101d\u012bto silt\u0101s gr\u012bdas sist\u0113mu. Gr\u012bdas sild\u012b\u0161anu var uzst\u0101d\u012bt kop\u0101 ar jebkuru parastu apkures iek\u0101rtu Igaunij\u0101: ciet\u0101 kurin\u0101m\u0101 katli, g\u0101zes katli, elektriskie katli un &#8220;d\u012bze\u013ca&#8221; [&hellip;]<\/p>\n","protected":false},"author":1,"featured_media":0,"parent":0,"menu_order":0,"comment_status":"open","ping_status":"open","template":"template-page_leftbar.php","meta":{"footnotes":""},"class_list":["post-554","page","type-page","status-publish","hentry"],"aioseo_notices":[],"_links":{"self":[{"href":"https:\/\/ecoheat.lv\/ru\/wp-json\/wp\/v2\/pages\/554","targetHints":{"allow":["GET"]}}],"collection":[{"href":"https:\/\/ecoheat.lv\/ru\/wp-json\/wp\/v2\/pages"}],"about":[{"href":"https:\/\/ecoheat.lv\/ru\/wp-json\/wp\/v2\/types\/page"}],"author":[{"embeddable":true,"href":"https:\/\/ecoheat.lv\/ru\/wp-json\/wp\/v2\/users\/1"}],"replies":[{"embeddable":true,"href":"https:\/\/ecoheat.lv\/ru\/wp-json\/wp\/v2\/comments?post=554"}],"version-history":[{"count":5,"href":"https:\/\/ecoheat.lv\/ru\/wp-json\/wp\/v2\/pages\/554\/revisions"}],"predecessor-version":[{"id":1003,"href":"https:\/\/ecoheat.lv\/ru\/wp-json\/wp\/v2\/pages\/554\/revisions\/1003"}],"wp:attachment":[{"href":"https:\/\/ecoheat.lv\/ru\/wp-json\/wp\/v2\/media?parent=554"}],"curies":[{"name":"wp","href":"https:\/\/api.w.org\/{rel}","templated":true}]}}