{"id":565,"date":"2016-06-07T17:00:54","date_gmt":"2016-06-07T17:00:54","guid":{"rendered":"https:\/\/ecoheat.lv\/?page_id=565"},"modified":"2023-05-26T11:11:53","modified_gmt":"2023-05-26T11:11:53","slug":"%d0%ba%d0%be%d1%82%d0%bb%d1%8b-%d0%bd%d0%b0-%d0%bf%d0%b5%d0%bb%d0%bb%d0%b5%d1%82%d0%b0%d1%85","status":"publish","type":"page","link":"https:\/\/ecoheat.lv\/ru\/%d0%ba%d0%be%d1%82%d0%bb%d1%8b-%d0%bd%d0%b0-%d0%bf%d0%b5%d0%bb%d0%bb%d0%b5%d1%82%d0%b0%d1%85\/","title":{"rendered":"Pelletu katli"},"content":{"rendered":"<div  class=\"vc_row wpb_row vc_row-fluid\"\n>\n<div class=\"container\"><div class=\"row\">\n<div class=\"wpb_column vc_column_container vc_col-sm-12\"><div class=\"vc_column-inner\"><div class=\"wpb_wrapper\">\n\t<div  class=\"wpb_single_image wpb_content_element vc_align_left  wpb_animate_when_almost_visible wpb_left-to-right left-to-right\">\n\t\t\n\t\t<figure class=\"wpb_wrapper vc_figure\">\n\t\t\t<div class=\"vc_single_image-wrapper   vc_box_border_grey\"><img loading=\"lazy\" decoding=\"async\" class=\"vc_single_image-img\" src=\"https:\/\/ecoheat.lv\/wp-content\/uploads\/2016\/06\/Blaze-ylemine-598x181.png\" width=\"598\" height=\"181\" alt=\"Blaze ylemine\" title=\"Blaze ylemine\" \/><\/div>\n\t\t<\/figure>\n\t<\/div>\n<\/div><\/div><\/div><\/div><\/div>\n<\/div>\t<div  class=\"vc_row wpb_row vc_row-fluid\"\n>\n<div class=\"container\"><div class=\"row\">\n<div class=\"wpb_column vc_column_container vc_col-sm-12\"><div class=\"vc_column-inner\"><div class=\"wpb_wrapper\">\n\t<div class=\"wpb_text_column wpb_content_element\" >\n\t\t<div class=\"wpb_wrapper\">\n\t\t\t<h2><b>Gra<\/b><b>n<\/b><b>ulu deg\u013ci BLAZE<\/b><\/h2>\n<p>Jaun\u0101s paaudzes deglis BLAZE ir piem\u0113rotas gandr\u012bz jebkuram katlam. Pateicoties grie\u0161an\u0101s deg\u0161anas kamerai, deglim ir pa\u0161att\u012bro\u0161\u0101s \u012bpa\u0161\u012bbas. Deglis ir apr\u012bkots ar modernu automatiku, kas \u013cauj att\u0101lin\u0101ti vad\u012bt ier\u012bci, izmantojot internetu. Standarta komplekt\u0101 ietilpst deglis, degvielas baro\u0161anas \u0161nekta un vad\u012bbas kontrolieris (autom\u0101tika).<br \/>\nBLAZE deg\u013cu priek\u0161roc\u012bba ir t\u0101, ka, at\u0161\u0137ir\u012bb\u0101 no daudziem citiem deg\u013ciem, tas pa\u0161s izv\u0113las apkures jaudu, t\u0101d\u0113j\u0101di samazinot apkures izmaksas par aptuveni 10-15%.<\/p>\n<p>Papildus standarta komplektam m\u0113s pied\u0101v\u0101jam EcoNET interneta moduli, ar kura pal\u012bdz\u012bbu varat vad\u012bt apkures sist\u0113mas darb\u012bbu no jebkuras pasaules vietas, k\u0101 ar\u012b Lambda moduli, ar kura pal\u012bdz\u012bbu tiek pan\u0101kta \u012bpa\u0161i &#8220;t\u012bra&#8221; malkas granulu sadeg\u0161ana.<\/p>\n<p>Autom\u0101tika papildus galvenaj\u0101m funkcij\u0101m p\u0101rvalda katla apkures kont\u016bru un laika atkar\u012bgaj\u0101 re\u017e\u012bm\u0101 apkures kont\u016bru.<\/p>\n<p>Deg\u013ci tiek ra\u017eoti 10 da\u017e\u0101d\u0101s jaud\u0101s no 20 l\u012bdz 250 kW.<\/p>\n<p>&nbsp;<\/p>\n<h3 style=\"text-align: left;\" align=\"CENTER\"><span style=\"font-size: large;\"><b>Katls &#8220;PELLE&#8221; &#8211; lab\u0101kais katls gra<\/b><\/span><span style=\"font-size: large;\">n<\/span><span style=\"font-size: large;\"><b>ulu deglam <\/b><\/span><\/h3>\n<p>Katls PELLE ir paredz\u0113ts individu\u0101l\u0101s dz\u012bvojamo \u0113ku apkurei, kurai izmanto malkas granulas, un kop\u0113j\u0101 siltuma slodze nep\u0101rsniedz 30 kW. Pie \u0161\u012b katla piem\u0113roti ar\u012b &#8220;d\u012bze\u013cdeg\u013ci&#8221; un g\u0101zes deg\u013ci.<br \/>\nLab\u0101kie rezult\u0101ti tiek sasniegti ar pel\u0113k\u0101 deg\u013ca BLAZE pal\u012bdz\u012bbu.<\/p>\n<p>PELLE centr\u0101l\u0101s apkures katls ir paredz\u0113ts vid\u0113ji liel\u0101m \u0113ku plat\u012bb\u0101m (sild\u0101m\u0101 plat\u012bba 150-300 m2) piln\u0101 apjom\u0101.<\/p>\n<p>Katl\u0113 ir iesp\u0113jams uzst\u0101d\u012bt elektroiek\u0101rtu ar jaudu l\u012bdz 9 kW. Uzst\u0101d\u012btais elektriskais sasil\u0161anas elements palielina katla bezapkalpo\u0161anas laiku, piem\u0113ram, kad jums ir nepiecie\u0161ams ilgsto\u0161i atrasties \u0101rpus m\u0101jas.<\/p>\n<p><em>Tehniskie parametri<img loading=\"lazy\" decoding=\"async\" class=\"alignright wp-image-800\" src=\"https:\/\/ecoheat.lv\/wp-content\/uploads\/2016\/06\/pelle_uus-1.jpg\" alt=\"pelle_uus\" width=\"180\" height=\"348\" srcset=\"https:\/\/ecoheat.lv\/wp-content\/uploads\/2016\/06\/pelle_uus-1.jpg 2436w, https:\/\/ecoheat.lv\/wp-content\/uploads\/2016\/06\/pelle_uus-1-768x1483.jpg 768w\" sizes=\"auto, (max-width: 180px) 100vw, 180px\" \/><\/em><\/p>\n<table border=\"1\" width=\"413\" cellspacing=\"0\" cellpadding=\"5\">\n<colgroup>\n<col width=\"196\" \/>\n<col width=\"195\" \/> <\/colgroup>\n<tbody>\n<tr valign=\"TOP\">\n<td width=\"196\">Siltuma jauda<\/td>\n<td width=\"195\">\n<p align=\"CENTER\">25 &#8211; 30 kW<\/p>\n<\/td>\n<\/tr>\n<tr valign=\"TOP\">\n<td width=\"196\">Efektivit\u0101te<\/td>\n<td width=\"195\">\n<p align=\"CENTER\">90 &#8211; 93%<\/p>\n<\/td>\n<\/tr>\n<tr valign=\"TOP\">\n<td width=\"196\">Darba spiediens<\/td>\n<td width=\"195\">\n<p align=\"CENTER\">2,5 b\u0101ri<\/p>\n<\/td>\n<\/tr>\n<tr valign=\"TOP\">\n<td width=\"196\">Katla tilpums<\/td>\n<td width=\"195\">\n<p align=\"CENTER\">165 l<\/p>\n<\/td>\n<\/tr>\n<tr valign=\"TOP\">\n<td width=\"196\">Tuk\u0161\u0101 katla masa<\/td>\n<td width=\"195\">\n<p align=\"CENTER\">160 kg<\/p>\n<\/td>\n<\/tr>\n<tr valign=\"TOP\">\n<td width=\"196\">Degvielas veids<\/td>\n<td width=\"195\">\n<p align=\"CENTER\">Granulas, d\u012bze\u013cdegviela, g\u0101ze<\/p>\n<\/td>\n<\/tr>\n<tr valign=\"TOP\">\n<td width=\"196\">Izm\u0113ri<\/td>\n<td width=\"195\">\n<p align=\"CENTER\">675 x 600 x 1550<\/p>\n<\/td>\n<\/tr>\n<tr valign=\"TOP\">\n<td width=\"196\">Pievieno\u0161an\u0101s diametrs d\u016bmvadam<\/td>\n<td width=\"195\">\n<p align=\"CENTER\">150 mm<\/p>\n<\/td>\n<\/tr>\n<\/tbody>\n<\/table>\n<p>&nbsp;<\/p>\n<p>Zvaniet pa t\u0101lruni +371 26 368 820 vai sazinieties ar mums, s\u016btot e-pastu uz: <a href=\"mailto:info@ecoheat.lv\">info@ecoheat.lv<\/a><br \/>\nM\u0113s noteikti pal\u012bdz\u0113sim jums atrast piem\u0113rotu risin\u0101jumu.<\/p>\n\n\t\t<\/div>\n\t<\/div>\n<\/div><\/div><\/div><\/div><\/div>\n<\/div>\t<div  class=\"vc_row wpb_row vc_row-fluid\"\n>\n<div class=\"container\"><div class=\"row\">\n<div class=\"wpb_column vc_column_container vc_col-sm-2\"><div class=\"vc_column-inner\"><div class=\"wpb_wrapper\"><\/div><\/div><\/div><div class=\"wpb_column vc_column_container vc_col-sm-8\"><div class=\"vc_column-inner\"><div class=\"wpb_wrapper\">\n\t<div  class=\"wpb_single_image wpb_content_element vc_align_left  wpb_animate_when_almost_visible wpb_left-to-right left-to-right\">\n\t\t\n\t\t<figure class=\"wpb_wrapper vc_figure\">\n\t\t\t<div class=\"vc_single_image-wrapper   vc_box_border_grey\"><img loading=\"lazy\" decoding=\"async\" width=\"444\" height=\"291\" src=\"https:\/\/ecoheat.lv\/wp-content\/uploads\/2016\/06\/pelletplant.png\" class=\"vc_single_image-img attachment-full\" alt=\"\" srcset=\"https:\/\/ecoheat.lv\/wp-content\/uploads\/2016\/06\/pelletplant.png 444w, https:\/\/ecoheat.lv\/wp-content\/uploads\/2016\/06\/pelletplant-768x503.png 768w\" sizes=\"auto, (max-width: 444px) 100vw, 444px\" \/><\/div>\n\t\t<\/figure>\n\t<\/div>\n<\/div><\/div><\/div><div class=\"wpb_column vc_column_container vc_col-sm-2\"><div class=\"vc_column-inner\"><div class=\"wpb_wrapper\"><\/div><\/div><\/div><\/div><\/div>\n<\/div>","protected":false},"excerpt":{"rendered":"Granulu deg\u013ci BLAZE Jaun\u0101s paaudzes deglis BLAZE ir piem\u0113rotas gandr\u012bz jebkuram katlam. Pateicoties grie\u0161an\u0101s deg\u0161anas kamerai, deglim ir pa\u0161att\u012bro\u0161\u0101s \u012bpa\u0161\u012bbas. Deglis ir apr\u012bkots ar modernu automatiku, kas \u013cauj att\u0101lin\u0101ti vad\u012bt ier\u012bci, izmantojot internetu. Standarta komplekt\u0101 ietilpst deglis, degvielas baro\u0161anas \u0161nekta un vad\u012bbas kontrolieris (autom\u0101tika). BLAZE deg\u013cu priek\u0161roc\u012bba ir t\u0101, ka, at\u0161\u0137ir\u012bb\u0101 no daudziem citiem deg\u013ciem, [...]","protected":false},"author":1,"featured_media":0,"parent":0,"menu_order":0,"comment_status":"open","ping_status":"open","template":"template-page_leftbar.php","meta":{"footnotes":""},"class_list":["post-565","page","type-page","status-publish","hentry"],"aioseo_notices":[],"_links":{"self":[{"href":"https:\/\/ecoheat.lv\/ru\/wp-json\/wp\/v2\/pages\/565","targetHints":{"allow":["GET"]}}],"collection":[{"href":"https:\/\/ecoheat.lv\/ru\/wp-json\/wp\/v2\/pages"}],"about":[{"href":"https:\/\/ecoheat.lv\/ru\/wp-json\/wp\/v2\/types\/page"}],"author":[{"embeddable":true,"href":"https:\/\/ecoheat.lv\/ru\/wp-json\/wp\/v2\/users\/1"}],"replies":[{"embeddable":true,"href":"https:\/\/ecoheat.lv\/ru\/wp-json\/wp\/v2\/comments?post=565"}],"version-history":[{"count":5,"href":"https:\/\/ecoheat.lv\/ru\/wp-json\/wp\/v2\/pages\/565\/revisions"}],"predecessor-version":[{"id":998,"href":"https:\/\/ecoheat.lv\/ru\/wp-json\/wp\/v2\/pages\/565\/revisions\/998"}],"wp:attachment":[{"href":"https:\/\/ecoheat.lv\/ru\/wp-json\/wp\/v2\/media?parent=565"}],"curies":[{"name":"wp","href":"https:\/\/api.w.org\/{rel}","templated":true}]}}