{"id":573,"date":"2016-06-07T17:09:49","date_gmt":"2016-06-07T17:09:49","guid":{"rendered":"https:\/\/ecoheat.lv\/?page_id=573"},"modified":"2023-05-26T11:17:25","modified_gmt":"2023-05-26T11:17:25","slug":"%d1%82%d0%b5%d0%bf%d0%bb%d0%be%d0%b2%d1%8b%d0%b5-%d0%bd%d0%b0%d1%81%d0%be%d1%81%d1%8b-%d0%b2%d0%be%d0%b7%d0%b4%d1%83%d1%85%d0%b2%d0%be%d0%b4%d0%b0","status":"publish","type":"page","link":"https:\/\/ecoheat.lv\/ru\/%d1%82%d0%b5%d0%bf%d0%bb%d0%be%d0%b2%d1%8b%d0%b5-%d0%bd%d0%b0%d1%81%d0%be%d1%81%d1%8b-%d0%b2%d0%be%d0%b7%d0%b4%d1%83%d1%85%d0%b2%d0%be%d0%b4%d0%b0\/","title":{"rendered":"Gaisa\\\u016bdens siltuma s\u016bk\u0146i"},"content":{"rendered":"<div  class=\"vc_row wpb_row vc_row-fluid\"\n>\n<div class=\"container\"><div class=\"row\">\n<div class=\"wpb_column vc_column_container vc_col-sm-6\"><div class=\"vc_column-inner\"><div class=\"wpb_wrapper\">\n\t<div  class=\"wpb_single_image wpb_content_element vc_align_left  wpb_animate_when_almost_visible wpb_left-to-right left-to-right\">\n\t\t\n\t\t<figure class=\"wpb_wrapper vc_figure\">\n\t\t\t<div class=\"vc_single_image-wrapper   vc_box_border_grey\"><img loading=\"lazy\" decoding=\"async\" width=\"320\" height=\"430\" src=\"https:\/\/ecoheat.lv\/wp-content\/uploads\/2016\/06\/SPLIT.jpg\" class=\"vc_single_image-img attachment-full\" alt=\"\" srcset=\"https:\/\/ecoheat.lv\/wp-content\/uploads\/2016\/06\/SPLIT.jpg 320w, https:\/\/ecoheat.lv\/wp-content\/uploads\/2016\/06\/SPLIT-768x1032.jpg 768w\" sizes=\"auto, (max-width: 320px) 100vw, 320px\" \/><\/div>\n\t\t<\/figure>\n\t<\/div>\n<\/div><\/div><\/div><div class=\"wpb_column vc_column_container vc_col-sm-6\"><div class=\"vc_column-inner\"><div class=\"wpb_wrapper\"><\/div><\/div><\/div><\/div><\/div>\n<\/div>\t<div  class=\"vc_row wpb_row vc_row-fluid\"\n>\n<div class=\"container\"><div class=\"row\">\n<div class=\"wpb_column vc_column_container vc_col-sm-12\"><div class=\"vc_column-inner\"><div class=\"wpb_wrapper\">\n\t<div class=\"wpb_text_column wpb_content_element\" >\n\t\t<div class=\"wpb_wrapper\">\n\t\t\t<p><strong>Str\u0101d\u0101 l\u012bdz -25\u00b0C \u0101r\u0101<\/strong><\/p>\n<p>Ar NIBE gaisa-\u016bdens siltuma s\u016bk\u0146iem j\u016bs varat samazin\u0101t apkures izmaksas par l\u012bdz pat 70%, atkar\u012bb\u0101 no klimata zonas, siltuma jaudas un vajadz\u012bbas p\u0113c gaisa kondicion\u0113\u0161anas vasaras period\u0101. M\u0113s izmantojam apk\u0101rt\u0113jo gaisu k\u0101 bezmaksas siltuma avotu, samazinot CO2 izme\u0161us atmosf\u0113r\u0101.<\/p>\n<p>\u0160o s\u016bk\u0146u priek\u0161roc\u012bb\u0101m ir \u012bss atmaksas laiks, \u0101tra uzst\u0101d\u012b\u0161ana un uzticama apkures un karst\u0101 \u016bdens ra\u017eo\u0161ana zieme\u013cu klimata apst\u0101k\u013cos.<\/p>\n<div>\n<div>NIBE gaisa-\u016bdens siltuma s\u016bknis, kas sast\u0101v no gataviem \u0101ra un iek\u0161\u0113jiem modu\u013ciem<\/div>\n<div>\n<div>\n<ul>\n<li>NIBE SPLIT ir paredz\u0113ts \u0113ku apkurei, karst\u0101 \u016bdens nodro\u0161in\u0101\u0161anai un kondicion\u0113\u0161anai ar siltuma slodzi 3&#8230;13 kW<\/li>\n<li>12 komplekti, lai prec\u012bzi apmierin\u0101tu j\u016bsu individu\u0101l\u0101s apkures, kondicion\u0113\u0161anas un karst\u0101 \u016bdens vajadz\u012bbas<\/li>\n<li>Kompakts, vienk\u0101r\u0161s un uzticams uzst\u0101d\u012b\u0161anas process, \u012bpa\u0161i ar &#8220;viss-vien\u0101&#8221; iek\u0161\u0113jo moduli<\/li>\n<li>Viena no lab\u0101kaj\u0101m ener\u0123ijas efektivit\u0101tes r\u0101d\u012bt\u0101j\u0101m (COP) sav\u0101 klas\u0113<\/li>\n<li>Liela aksesu\u0101ru programma, piem\u0113ram, gatavs saules kolektora pievieno\u0161anas komplekts<\/li>\n<\/ul>\n<\/div>\n<\/div>\n<\/div>\n<p>&nbsp;<\/p>\n<p><strong>Zvaniet pa t\u0101lruni +371 26 368 820 vai sazinieties ar mums pa e-pastu: <a href=\"mailto:info@ecoheat.lv\">info@ecoheat.lv<\/a>.<\/strong><br \/>\n<strong>M\u0113s noteikti pal\u012bdz\u0113sim jums atrast piem\u0113rotu risin\u0101jumu.<\/strong><\/p>\n\n\t\t<\/div>\n\t<\/div>\n<\/div><\/div><\/div><\/div><\/div>\n<\/div>\t<div  class=\"vc_row wpb_row vc_row-fluid\"\n>\n<div class=\"container\"><div class=\"row\">\n<div class=\"wpb_column vc_column_container vc_col-sm-4\"><div class=\"vc_column-inner\"><div class=\"wpb_wrapper\">\n\t<div  class=\"wpb_single_image wpb_content_element vc_align_right\">\n\t\t\n\t\t<figure class=\"wpb_wrapper vc_figure\">\n\t\t\t<div class=\"vc_single_image-wrapper   vc_box_border_grey\"><img loading=\"lazy\" decoding=\"async\" width=\"184\" height=\"42\" src=\"https:\/\/ecoheat.lv\/wp-content\/uploads\/2016\/06\/Capture.png\" class=\"vc_single_image-img attachment-full\" alt=\"\" srcset=\"https:\/\/ecoheat.lv\/wp-content\/uploads\/2016\/06\/Capture.png 184w, https:\/\/ecoheat.lv\/wp-content\/uploads\/2016\/06\/Capture-768x175.png 768w\" sizes=\"auto, (max-width: 184px) 100vw, 184px\" \/><\/div>\n\t\t<\/figure>\n\t<\/div>\n<\/div><\/div><\/div><div class=\"wpb_column vc_column_container vc_col-sm-4\"><div class=\"vc_column-inner\"><div class=\"wpb_wrapper\"><\/div><\/div><\/div><div class=\"wpb_column vc_column_container vc_col-sm-4\"><div class=\"vc_column-inner\"><div class=\"wpb_wrapper\"><\/div><\/div><\/div><\/div><\/div>\n<\/div>","protected":false},"excerpt":{"rendered":"Str\u0101d\u0101 l\u012bdz -25\u00b0C \u0101r\u0101 Ar NIBE gaisa-\u016bdens siltuma s\u016bk\u0146iem j\u016bs varat samazin\u0101t apkures izmaksas par l\u012bdz pat 70%, atkar\u012bb\u0101 no klimata zonas, siltuma jaudas un vajadz\u012bbas p\u0113c gaisa kondicion\u0113\u0161anas vasaras period\u0101. M\u0113s izmantojam apk\u0101rt\u0113jo gaisu k\u0101 bezmaksas siltuma avotu, samazinot CO2 izme\u0161us atmosf\u0113r\u0101. \u0160o s\u016bk\u0146u priek\u0161roc\u012bb\u0101m ir \u012bss atmaksas laiks, \u0101tra uzst\u0101d\u012b\u0161ana un uzticama apkures [...]","protected":false},"author":1,"featured_media":0,"parent":0,"menu_order":0,"comment_status":"open","ping_status":"open","template":"template-page_leftbar.php","meta":{"footnotes":""},"class_list":["post-573","page","type-page","status-publish","hentry"],"aioseo_notices":[],"_links":{"self":[{"href":"https:\/\/ecoheat.lv\/ru\/wp-json\/wp\/v2\/pages\/573","targetHints":{"allow":["GET"]}}],"collection":[{"href":"https:\/\/ecoheat.lv\/ru\/wp-json\/wp\/v2\/pages"}],"about":[{"href":"https:\/\/ecoheat.lv\/ru\/wp-json\/wp\/v2\/types\/page"}],"author":[{"embeddable":true,"href":"https:\/\/ecoheat.lv\/ru\/wp-json\/wp\/v2\/users\/1"}],"replies":[{"embeddable":true,"href":"https:\/\/ecoheat.lv\/ru\/wp-json\/wp\/v2\/comments?post=573"}],"version-history":[{"count":5,"href":"https:\/\/ecoheat.lv\/ru\/wp-json\/wp\/v2\/pages\/573\/revisions"}],"predecessor-version":[{"id":1006,"href":"https:\/\/ecoheat.lv\/ru\/wp-json\/wp\/v2\/pages\/573\/revisions\/1006"}],"wp:attachment":[{"href":"https:\/\/ecoheat.lv\/ru\/wp-json\/wp\/v2\/media?parent=573"}],"curies":[{"name":"wp","href":"https:\/\/api.w.org\/{rel}","templated":true}]}}