{"id":595,"date":"2016-06-07T17:26:48","date_gmt":"2016-06-07T17:26:48","guid":{"rendered":"https:\/\/ecoheat.lv\/?page_id=595"},"modified":"2023-05-26T11:12:09","modified_gmt":"2023-05-26T11:12:09","slug":"%d0%b3%d0%b0%d0%b7%d0%be%d0%b2%d1%8b%d0%b5-%d0%ba%d0%be%d1%82%d0%bb%d1%8b","status":"publish","type":"page","link":"https:\/\/ecoheat.lv\/ru\/%d0%b3%d0%b0%d0%b7%d0%be%d0%b2%d1%8b%d0%b5-%d0%ba%d0%be%d1%82%d0%bb%d1%8b\/","title":{"rendered":"G\u0101zes katli"},"content":{"rendered":"<div  class=\"vc_row wpb_row vc_row-fluid\"\n>\n<div class=\"container\"><div class=\"row\">\n<div class=\"wpb_column vc_column_container vc_col-sm-6\"><div class=\"vc_column-inner\"><div class=\"wpb_wrapper\">\n\t<div  class=\"wpb_single_image wpb_content_element vc_align_left  wpb_animate_when_almost_visible wpb_left-to-right left-to-right\">\n\t\t\n\t\t<figure class=\"wpb_wrapper vc_figure\">\n\t\t\t<div class=\"vc_single_image-wrapper   vc_box_border_grey\"><img loading=\"lazy\" decoding=\"async\" width=\"595\" height=\"432\" src=\"https:\/\/ecoheat.lv\/wp-content\/uploads\/2016\/06\/Junkers1.jpg\" class=\"vc_single_image-img attachment-full\" alt=\"\" srcset=\"https:\/\/ecoheat.lv\/wp-content\/uploads\/2016\/06\/Junkers1.jpg 595w, https:\/\/ecoheat.lv\/wp-content\/uploads\/2016\/06\/Junkers1-768x557.jpg 768w\" sizes=\"auto, (max-width: 595px) 100vw, 595px\" \/><\/div>\n\t\t<\/figure>\n\t<\/div>\n\n\t<div  class=\"wpb_single_image wpb_content_element vc_align_left\">\n\t\t\n\t\t<figure class=\"wpb_wrapper vc_figure\">\n\t\t\t<div class=\"vc_single_image-wrapper   vc_box_border_grey\"><img loading=\"lazy\" decoding=\"async\" width=\"553\" height=\"115\" src=\"https:\/\/ecoheat.lv\/wp-content\/uploads\/2016\/06\/Junkers.png\" class=\"vc_single_image-img attachment-full\" alt=\"\" srcset=\"https:\/\/ecoheat.lv\/wp-content\/uploads\/2016\/06\/Junkers.png 553w, https:\/\/ecoheat.lv\/wp-content\/uploads\/2016\/06\/Junkers-768x159.png 768w\" sizes=\"auto, (max-width: 553px) 100vw, 553px\" \/><\/div>\n\t\t<\/figure>\n\t<\/div>\n<\/div><\/div><\/div><div class=\"wpb_column vc_column_container vc_col-sm-6\"><div class=\"vc_column-inner\"><div class=\"wpb_wrapper\">\n\t<div  class=\"wpb_single_image wpb_content_element vc_align_left  wpb_animate_when_almost_visible wpb_left-to-right left-to-right\">\n\t\t\n\t\t<figure class=\"wpb_wrapper vc_figure\">\n\t\t\t<div class=\"vc_single_image-wrapper   vc_box_border_grey\"><img loading=\"lazy\" decoding=\"async\" width=\"1000\" height=\"1000\" src=\"https:\/\/ecoheat.lv\/wp-content\/uploads\/2016\/06\/Junkers2.jpg\" class=\"vc_single_image-img attachment-full\" alt=\"\" srcset=\"https:\/\/ecoheat.lv\/wp-content\/uploads\/2016\/06\/Junkers2.jpg 1000w, https:\/\/ecoheat.lv\/wp-content\/uploads\/2016\/06\/Junkers2-150x150.jpg 150w, https:\/\/ecoheat.lv\/wp-content\/uploads\/2016\/06\/Junkers2-300x300.jpg 300w, https:\/\/ecoheat.lv\/wp-content\/uploads\/2016\/06\/Junkers2-768x768.jpg 768w, https:\/\/ecoheat.lv\/wp-content\/uploads\/2016\/06\/Junkers2-1024x1024.jpg 1024w, https:\/\/ecoheat.lv\/wp-content\/uploads\/2016\/06\/Junkers2-180x180.jpg 180w, https:\/\/ecoheat.lv\/wp-content\/uploads\/2016\/06\/Junkers2-600x600.jpg 600w\" sizes=\"auto, (max-width: 1000px) 100vw, 1000px\" \/><\/div>\n\t\t<\/figure>\n\t<\/div>\n<\/div><\/div><\/div><\/div><\/div>\n<\/div>\t<div  class=\"vc_row wpb_row vc_row-fluid\"\n>\n<div class=\"container\"><div class=\"row\">\n<div class=\"wpb_column vc_column_container vc_col-sm-12\"><div class=\"vc_column-inner\"><div class=\"wpb_wrapper\">\n\t<div class=\"wpb_text_column wpb_content_element\" >\n\t\t<div class=\"wpb_wrapper\">\n\t\t\t<p><strong>G\u0101zes apkures katli<\/strong><\/p>\n<p>Junkers (Bosch) pied\u0101v\u0101 pla\u0161u g\u0101zes apkures katlu sortimentu, kas \u013cauj izv\u0113l\u0113ties iek\u0101rtu jebkuras plat\u012bbas birojam vai dz\u012bvojam \u0113kai.<\/p>\n<p>G\u0101zes katli ir lab\u0101kais risin\u0101jums g\u0101zesapg\u0101des \u0113k\u0101m un konstrukcij\u0101m.<\/p>\n<p>Lielu uzman\u012bbu sa\u0146em kondens\u0101cijas un konvekcijas apkures g\u0101zes katli. Abi veidi piesaista ar m\u016bsdien\u012bgiem tehnolo\u0123iskiem risin\u0101jumiem un augstu veiktsp\u0113ju. Noteico\u0161ais arguments konkr\u0113t\u0101 mode\u013ca izv\u0113l\u0113 b\u016bs katla m\u0113r\u0137is.<\/p>\n<p>Bosch (Junkers) apkures g\u0101zes katli ir kvalitat\u012bva tehnika, kas ir p\u0101rbaud\u012bta ar laiku un cilv\u0113ku p\u0101rbaud\u012bjumiem. To varat p\u0101rliecin\u0101ties pa\u0161i.<\/p>\n\n\t\t<\/div>\n\t<\/div>\n<\/div><\/div><\/div><\/div><\/div>\n<\/div>\t<div  class=\"vc_row wpb_row vc_row-fluid\"\n>\n<div class=\"container\"><div class=\"row\">\n<div class=\"wpb_column vc_column_container vc_col-sm-12\"><div class=\"vc_column-inner\"><div class=\"wpb_wrapper\"><div class=\"vc_separator wpb_content_element vc_separator_align_center vc_sep_width_100 vc_sep_pos_align_center vc_separator_no_text vc_sep_color_grey\" ><span class=\"vc_sep_holder vc_sep_holder_l\"><span  class=\"vc_sep_line\"><\/span><\/span><span class=\"vc_sep_holder vc_sep_holder_r\"><span  class=\"vc_sep_line\"><\/span><\/span>\n<\/div><\/div><\/div><\/div><\/div><\/div>\n<\/div>\t<div  class=\"vc_row wpb_row vc_row-fluid\"\n>\n<div class=\"container\"><div class=\"row\">\n<div class=\"wpb_column vc_column_container vc_col-sm-12\"><div class=\"vc_column-inner\"><div class=\"wpb_wrapper\">\n\t<div class=\"wpb_text_column wpb_content_element\" >\n\t\t<div class=\"wpb_wrapper\">\n\t\t\t<p><strong>Kondens\u0101cijas g\u0101zes apkures katli<\/strong><\/p>\n<p>Kondens\u0101cijas katla darb\u012bbas princips at\u0161\u0137iras &#8211; siltuma avotam izmanto ne tikai ener\u0123iju, kas izdal\u0101s g\u0101zes sadeg\u0161anas proces\u0101, bet ar\u012b \u016bdens tvaika kondens\u0101cijas siltumu. Tas padara kondens\u0101cijas katlus maksim\u0101li ekonomiskus un palielina to efektivit\u0101ti l\u012bdz pat 110%. Turkl\u0101t tos var darbin\u0101t pie zem\u0101kiem temperat\u016bras re\u017e\u012bmiem.<\/p>\n<p>Kondens\u0101cijas g\u0101zes katli ir piem\u0113roti m\u0101j\u0101m ar plat\u012bbu l\u012bdz 400 m\u00b2. Turkl\u0101t vair\u0101kus kondens\u0101cijas tipa katlus var apvienot kask\u0101d\u0113, iev\u0113rojami palielinot to iesp\u0113jas. Visi \u0161ie priek\u0161roc\u012bbas, kombin\u0101cij\u0101 ar augsto tehnolo\u0123iskumu un automatiz\u0113tu vad\u012bbu, padara Junkers g\u0101zes apkures katlus par ide\u0101lu risin\u0101jumu jebkuram telpai.<\/p>\n<p><strong>Zvaniet pa t\u0101lruni +371 26 368 820 vai sazinieties ar mums pa e-pastu: <a href=\"mailto:info@ecoheat.lv\">info@ecoheat.lv<\/a>.<\/strong><br \/>\n<strong>M\u0113s noteikti pal\u012bdz\u0113sim Jums atrast piem\u0113rotu risin\u0101jumu.<\/strong><\/p>\n\n\t\t<\/div>\n\t<\/div>\n<\/div><\/div><\/div><\/div><\/div>\n<\/div>\t<div  class=\"vc_row wpb_row vc_row-fluid\"\n>\n<div class=\"container\"><div class=\"row\">\n<div class=\"wpb_column vc_column_container vc_col-sm-4\"><div class=\"vc_column-inner\"><div class=\"wpb_wrapper\"><div class=\"vc_btn3-container vc_btn3-inline\" ><a class=\"vc_general vc_btn3 vc_btn3-size-lg vc_btn3-shape-rounded vc_btn3-style-modern vc_btn3-color-success\" href=\"http:\/\/ecoheat.lv\/wp-content\/uploads\/2016\/06\/Junkers_gaasikatelde_hinnakiri_2016.pdf\" title=\"Hinnakiri\" target=\"_blank\">Cenas Junkers<\/a><\/div><\/div><\/div><\/div><div class=\"wpb_column vc_column_container vc_col-sm-4\"><div class=\"vc_column-inner\"><div class=\"wpb_wrapper\"><\/div><\/div><\/div><div class=\"wpb_column vc_column_container vc_col-sm-4\"><div class=\"vc_column-inner\"><div class=\"wpb_wrapper\"><\/div><\/div><\/div><\/div><\/div>\n<\/div>","protected":false},"excerpt":{"rendered":"G\u0101zes apkures katli Junkers (Bosch) pied\u0101v\u0101 pla\u0161u g\u0101zes apkures katlu sortimentu, kas \u013cauj izv\u0113l\u0113ties iek\u0101rtu jebkuras plat\u012bbas birojam vai dz\u012bvojam \u0113kai. G\u0101zes katli ir lab\u0101kais risin\u0101jums g\u0101zesapg\u0101des \u0113k\u0101m un konstrukcij\u0101m. Lielu uzman\u012bbu sa\u0146em kondens\u0101cijas un konvekcijas apkures g\u0101zes katli. Abi veidi piesaista ar m\u016bsdien\u012bgiem tehnolo\u0123iskiem risin\u0101jumiem un augstu veiktsp\u0113ju. Noteico\u0161ais arguments konkr\u0113t\u0101 mode\u013ca izv\u0113l\u0113 b\u016bs [...]","protected":false},"author":1,"featured_media":0,"parent":0,"menu_order":0,"comment_status":"open","ping_status":"open","template":"template-page_leftbar.php","meta":{"footnotes":""},"class_list":["post-595","page","type-page","status-publish","hentry"],"aioseo_notices":[],"_links":{"self":[{"href":"https:\/\/ecoheat.lv\/ru\/wp-json\/wp\/v2\/pages\/595","targetHints":{"allow":["GET"]}}],"collection":[{"href":"https:\/\/ecoheat.lv\/ru\/wp-json\/wp\/v2\/pages"}],"about":[{"href":"https:\/\/ecoheat.lv\/ru\/wp-json\/wp\/v2\/types\/page"}],"author":[{"embeddable":true,"href":"https:\/\/ecoheat.lv\/ru\/wp-json\/wp\/v2\/users\/1"}],"replies":[{"embeddable":true,"href":"https:\/\/ecoheat.lv\/ru\/wp-json\/wp\/v2\/comments?post=595"}],"version-history":[{"count":5,"href":"https:\/\/ecoheat.lv\/ru\/wp-json\/wp\/v2\/pages\/595\/revisions"}],"predecessor-version":[{"id":999,"href":"https:\/\/ecoheat.lv\/ru\/wp-json\/wp\/v2\/pages\/595\/revisions\/999"}],"wp:attachment":[{"href":"https:\/\/ecoheat.lv\/ru\/wp-json\/wp\/v2\/media?parent=595"}],"curies":[{"name":"wp","href":"https:\/\/api.w.org\/{rel}","templated":true}]}}