{"id":622,"date":"2016-06-07T17:43:27","date_gmt":"2016-06-07T17:43:27","guid":{"rendered":"https:\/\/ecoheat.lv\/?page_id=622"},"modified":"2023-05-26T11:18:28","modified_gmt":"2023-05-26T11:18:28","slug":"%d0%b2%d0%be%d0%b4%d0%be%d0%bd%d0%b0%d0%b3%d1%80%d0%b5%d0%b2%d0%b0%d1%82%d0%b5%d0%bb%d0%b8-%d0%bd%d0%b0%d0%ba%d0%be%d0%bf%d0%b8%d1%82%d0%b5%d0%bb%d1%8c%d0%bd%d1%8b%d0%b5","status":"publish","type":"page","link":"https:\/\/ecoheat.lv\/ru\/%d0%b2%d0%be%d0%b4%d0%be%d0%bd%d0%b0%d0%b3%d1%80%d0%b5%d0%b2%d0%b0%d1%82%d0%b5%d0%bb%d0%b8-%d0%bd%d0%b0%d0%ba%d0%be%d0%bf%d0%b8%d1%82%d0%b5%d0%bb%d1%8c%d0%bd%d1%8b%d0%b5\/","title":{"rendered":"Uzkr\u0101jo\u0161ie \u016bdens sild\u012bt\u0101ji"},"content":{"rendered":"<div  class=\"vc_row wpb_row vc_row-fluid\"\n>\n<div class=\"container\"><div class=\"row\">\n<div class=\"wpb_column vc_column_container vc_col-sm-6\"><div class=\"vc_column-inner\"><div class=\"wpb_wrapper\">\n\t<div  class=\"wpb_single_image wpb_content_element vc_align_left\">\n\t\t\n\t\t<figure class=\"wpb_wrapper vc_figure\">\n\t\t\t<div class=\"vc_single_image-wrapper   vc_box_border_grey\"><img loading=\"lazy\" decoding=\"async\" width=\"536\" height=\"480\" src=\"https:\/\/ecoheat.lv\/wp-content\/uploads\/2016\/06\/wgj-s-multi.jpg\" class=\"vc_single_image-img attachment-full\" alt=\"\" srcset=\"https:\/\/ecoheat.lv\/wp-content\/uploads\/2016\/06\/wgj-s-multi.jpg 536w, https:\/\/ecoheat.lv\/wp-content\/uploads\/2016\/06\/wgj-s-multi-768x687.jpg 768w\" sizes=\"auto, (max-width: 536px) 100vw, 536px\" \/><\/div>\n\t\t<\/figure>\n\t<\/div>\n<\/div><\/div><\/div><div class=\"wpb_column vc_column_container vc_col-sm-6\"><div class=\"vc_column-inner\"><div class=\"wpb_wrapper\">\n\t<div  class=\"wpb_single_image wpb_content_element vc_align_left  wpb_animate_when_almost_visible wpb_left-to-right left-to-right\">\n\t\t\n\t\t<figure class=\"wpb_wrapper vc_figure\">\n\t\t\t<div class=\"vc_single_image-wrapper   vc_box_border_grey\"><img loading=\"lazy\" decoding=\"async\" width=\"237\" height=\"42\" src=\"https:\/\/ecoheat.lv\/wp-content\/uploads\/2016\/06\/elektromet.png\" class=\"vc_single_image-img attachment-full\" alt=\"\" srcset=\"https:\/\/ecoheat.lv\/wp-content\/uploads\/2016\/06\/elektromet.png 237w, https:\/\/ecoheat.lv\/wp-content\/uploads\/2016\/06\/elektromet-768x136.png 768w\" sizes=\"auto, (max-width: 237px) 100vw, 237px\" \/><\/div>\n\t\t<\/figure>\n\t<\/div>\n<\/div><\/div><\/div><\/div><\/div>\n<\/div>\t<div  class=\"vc_row wpb_row vc_row-fluid\"\n>\n<div class=\"container\"><div class=\"row\">\n<div class=\"wpb_column vc_column_container vc_col-sm-12\"><div class=\"vc_column-inner\"><div class=\"wpb_wrapper\">\n\t<div class=\"wpb_text_column wpb_content_element\" >\n\t\t<div class=\"wpb_wrapper\">\n\t\t\t<p><strong>Uzsild\u0101mie \u016bdenskr\u0101tuvji ar spir\u0101les izvadu<\/strong><\/p>\n<p>Vertik\u0101lie uzsild\u0101mie \u016bdenskr\u0101tuvji WGJ-S ar spir\u0101les izvadu ir paredz\u0113ti sadz\u012bves \u016bdens uzsild\u012b\u0161anai.<\/p>\n<p>To var izmantot ar jebkura veida centr\u0101l\u0101s apkures katliem, k\u0101 ar\u012b ar centr\u0101l\u0101s apkures sist\u0113mu un saules kolektoriem.<\/p>\n<p>Tvertnes ir izgatavotas no keramiski p\u0101rkl\u0101tas t\u0113rauda. Emalj\u0113tais p\u0101rkl\u0101jums kop\u0101 ar tvertn\u0113 ieb\u016bv\u0113to magnija anodu nodro\u0161ina korozijas aizsardz\u012bbu siltummainim. Tvertnes siltumizol\u0101ciju nodro\u0161ina 70 vai 100 mm bieza polistirola putas, kas ir ap\u0161uvums ar materi\u0101lu, kas l\u012bdz\u012bgs skay tipa materi\u0101lam.<\/p>\n<p>Mode\u013cu kl\u0101sts: 150 l, 220 l, 300 l, 400 l, 500 l, 750 l, 1000 l. Ar vienu vai diviem izvadiem.<\/p>\n\n\t\t<\/div>\n\t<\/div>\n<\/div><\/div><\/div><\/div><\/div>\n<\/div>\t<div  class=\"vc_row wpb_row vc_row-fluid\"\n>\n<div class=\"container\"><div class=\"row\">\n<div class=\"wpb_column vc_column_container vc_col-sm-12\"><div class=\"vc_column-inner\"><div class=\"wpb_wrapper\"><div class=\"vc_separator wpb_content_element vc_separator_align_center vc_sep_width_100 vc_sep_pos_align_center vc_separator_no_text vc_sep_color_grey\" ><span class=\"vc_sep_holder vc_sep_holder_l\"><span  class=\"vc_sep_line\"><\/span><\/span><span class=\"vc_sep_holder vc_sep_holder_r\"><span  class=\"vc_sep_line\"><\/span><\/span>\n<\/div><\/div><\/div><\/div><\/div><\/div>\n<\/div>\t<div  class=\"vc_row wpb_row vc_row-fluid\"\n>\n<div class=\"container\"><div class=\"row\">\n<div class=\"wpb_column vc_column_container vc_col-sm-12\"><div class=\"vc_column-inner\"><div class=\"wpb_wrapper\">\n\t<div class=\"wpb_text_column wpb_content_element\" >\n\t\t<div class=\"wpb_wrapper\">\n\t\t\t<p><strong>Uzkr\u0101juma tvertnes WGJ-B multi<\/strong><\/p>\n<p>&#8220;Soma iek\u0161\u0101 som\u0101&#8221; sist\u0113m\u0101 karst\u0101 apkures \u016bdens, kas uzkr\u0101ts \u0101r\u0113j\u0101 tvertn\u0113, apstr\u0101d\u0101 iegremd\u0113to tvertni ar sadz\u012bves \u016bdeni. T\u0101 darbojas k\u0101 siltummainis starp apkures sist\u0113mu un sadz\u012bves \u016bdeni, un, kombin\u0113jot ar lielu siltummaina sienu virsmas laukumu un sl\u0101nisveida tvertnes aizpildi (\u012bpa\u0161a savienojuma konstrukcija), \u013cauj sasild\u012bt \u016bdeni maksim\u0101li \u012bs\u0101 laik\u0101.<\/p>\n<p>&#8211; Vair\u0101ku siltuma avotu piesl\u0113g\u0161anas iesp\u0113ja, tostarp: koksnes granulu katli, saules kolektori, siltuma s\u016bk\u0146i.<br \/>\n&#8211; Efekt\u012bva sadz\u012bves \u016bdens uzsilde emalj\u0113t\u0101 tvertn\u0113.<br \/>\n&#8211; 3 gadu garantija.<br \/>\n&#8211; Zemas siltuma zudumi pateicoties putu polistirola siltumizol\u0101cijai.<br \/>\n&#8211; Sertific\u0113ti materi\u0101li un moderns dizains.<\/p>\n<p><strong>Zvaniet pa t\u0101lruni 2636 8820 vai sazinieties ar mums pa e-pastu: <a href=\"mailto:info@ecoheat.lv\">info@ecoheat.lv<\/a>.<\/strong><br \/>\n<strong>M\u0113s noteikti pal\u012bdz\u0113sim Jums izv\u0113l\u0113ties piem\u0113rotu risin\u0101jumu.<\/strong><\/p>\n\n\t\t<\/div>\n\t<\/div>\n<\/div><\/div><\/div><\/div><\/div>\n<\/div>\t<div  class=\"vc_row wpb_row vc_row-fluid\"\n>\n<div class=\"container\"><div class=\"row\">\n<div class=\"wpb_column vc_column_container vc_col-sm-12\"><div class=\"vc_column-inner\"><div class=\"wpb_wrapper\">\n\t<div  class=\"wpb_single_image wpb_content_element vc_align_left\">\n\t\t\n\t\t<figure class=\"wpb_wrapper vc_figure\">\n\t\t\t<div class=\"vc_single_image-wrapper   vc_box_border_grey\"><img loading=\"lazy\" decoding=\"async\" width=\"1280\" height=\"960\" src=\"https:\/\/ecoheat.lv\/wp-content\/uploads\/2016\/06\/WGJ-s.jpg\" class=\"vc_single_image-img attachment-full\" alt=\"\" srcset=\"https:\/\/ecoheat.lv\/wp-content\/uploads\/2016\/06\/WGJ-s.jpg 1280w, https:\/\/ecoheat.lv\/wp-content\/uploads\/2016\/06\/WGJ-s-768x576.jpg 768w\" sizes=\"auto, (max-width: 1280px) 100vw, 1280px\" \/><\/div>\n\t\t<\/figure>\n\t<\/div>\n<\/div><\/div><\/div><\/div><\/div>\n<\/div>","protected":false},"excerpt":{"rendered":"Uzsild\u0101mie \u016bdenskr\u0101tuvji ar spir\u0101les izvadu Vertik\u0101lie uzsild\u0101mie \u016bdenskr\u0101tuvji WGJ-S ar spir\u0101les izvadu ir paredz\u0113ti sadz\u012bves \u016bdens uzsild\u012b\u0161anai. To var izmantot ar jebkura veida centr\u0101l\u0101s apkures katliem, k\u0101 ar\u012b ar centr\u0101l\u0101s apkures sist\u0113mu un saules kolektoriem. Tvertnes ir izgatavotas no keramiski p\u0101rkl\u0101tas t\u0113rauda. Emalj\u0113tais p\u0101rkl\u0101jums kop\u0101 ar tvertn\u0113 ieb\u016bv\u0113to magnija anodu nodro\u0161ina korozijas aizsardz\u012bbu siltummainim. Tvertnes [...]","protected":false},"author":1,"featured_media":0,"parent":0,"menu_order":0,"comment_status":"open","ping_status":"open","template":"template-page_leftbar.php","meta":{"footnotes":""},"class_list":["post-622","page","type-page","status-publish","hentry"],"aioseo_notices":[],"_links":{"self":[{"href":"https:\/\/ecoheat.lv\/ru\/wp-json\/wp\/v2\/pages\/622","targetHints":{"allow":["GET"]}}],"collection":[{"href":"https:\/\/ecoheat.lv\/ru\/wp-json\/wp\/v2\/pages"}],"about":[{"href":"https:\/\/ecoheat.lv\/ru\/wp-json\/wp\/v2\/types\/page"}],"author":[{"embeddable":true,"href":"https:\/\/ecoheat.lv\/ru\/wp-json\/wp\/v2\/users\/1"}],"replies":[{"embeddable":true,"href":"https:\/\/ecoheat.lv\/ru\/wp-json\/wp\/v2\/comments?post=622"}],"version-history":[{"count":5,"href":"https:\/\/ecoheat.lv\/ru\/wp-json\/wp\/v2\/pages\/622\/revisions"}],"predecessor-version":[{"id":1008,"href":"https:\/\/ecoheat.lv\/ru\/wp-json\/wp\/v2\/pages\/622\/revisions\/1008"}],"wp:attachment":[{"href":"https:\/\/ecoheat.lv\/ru\/wp-json\/wp\/v2\/media?parent=622"}],"curies":[{"name":"wp","href":"https:\/\/api.w.org\/{rel}","templated":true}]}}