{"id":661,"date":"2016-06-08T10:06:31","date_gmt":"2016-06-08T10:06:31","guid":{"rendered":"https:\/\/ecoheat.lv\/?page_id=661"},"modified":"2023-05-26T11:14:39","modified_gmt":"2023-05-26T11:14:39","slug":"%d0%bf%d1%80%d0%be%d0%b5%d0%ba%d1%82%d0%b8%d1%80%d0%be%d0%b2%d0%b0%d0%bd%d0%b8%d0%b5","status":"publish","type":"page","link":"https:\/\/ecoheat.lv\/ru\/%d0%bf%d1%80%d0%be%d0%b5%d0%ba%d1%82%d0%b8%d1%80%d0%be%d0%b2%d0%b0%d0%bd%d0%b8%d0%b5\/","title":{"rendered":"Projekt\u0113\u0161ana"},"content":{"rendered":"<div  class=\"vc_row wpb_row vc_row-fluid\"\n>\n<div class=\"container\"><div class=\"row\">\n<div class=\"wpb_column vc_column_container vc_col-sm-12\"><div class=\"vc_column-inner\"><div class=\"wpb_wrapper\">\n\t<div  class=\"wpb_single_image wpb_content_element vc_align_left  wpb_animate_when_almost_visible wpb_left-to-right left-to-right\">\n\t\t\n\t\t<figure class=\"wpb_wrapper vc_figure\">\n\t\t\t<div class=\"vc_single_image-wrapper   vc_box_border_grey\"><img loading=\"lazy\" decoding=\"async\" width=\"640\" height=\"300\" src=\"https:\/\/ecoheat.lv\/wp-content\/uploads\/2016\/06\/3021001-inline-750-architect-1.jpg\" class=\"vc_single_image-img attachment-full\" alt=\"\" srcset=\"https:\/\/ecoheat.lv\/wp-content\/uploads\/2016\/06\/3021001-inline-750-architect-1.jpg 640w, https:\/\/ecoheat.lv\/wp-content\/uploads\/2016\/06\/3021001-inline-750-architect-1-768x360.jpg 768w\" sizes=\"auto, (max-width: 640px) 100vw, 640px\" \/><\/div>\n\t\t<\/figure>\n\t<\/div>\n<\/div><\/div><\/div><\/div><\/div>\n<\/div>\t<div  class=\"vc_row wpb_row vc_row-fluid\"\n>\n<div class=\"container\"><div class=\"row\">\n<div class=\"wpb_column vc_column_container vc_col-sm-12\"><div class=\"vc_column-inner\"><div class=\"wpb_wrapper\">\n\t<div class=\"wpb_text_column wpb_content_element\" >\n\t\t<div class=\"wpb_wrapper\">\n\t\t\t<p><strong>Projekt\u0113\u0161ana<\/strong><\/p>\n<p>M\u016bsu komp\u0101nijas projekt\u0113t\u0101ji veic apkures sist\u0113mu projekt\u0113\u0161anu priv\u0101tm\u0101j\u0101m, lauku m\u0101j\u0101m, dz\u012bvok\u013ciem, birojiem, restor\u0101niem un citiem objektiem.<\/p>\n<p>Apkures sist\u0113mas projekts tiek izstr\u0101d\u0101ts pamatojoties uz pas\u016bt\u012bt\u0101ja tehniskajiem uzdevumiem, arhitekt\u016bras un b\u016bvniec\u012bbas z\u012bm\u0113jumiem, k\u0101 ar\u012b eso\u0161ajiem b\u016bvniec\u012bbas normat\u012bviem un noteikumiem.<\/p>\n<p>Projekt\u0101 tiek iek\u013cauti siltuma avoti, siltumtehnikas punkta automatika, apkures un siltumapg\u0101des sist\u0113mas principi atbilsto\u0161i apstiprin\u0101tajiem tehniskajiem uzdevumiem.<\/p>\n<p>Apkures projekt\u0101 var tikt paredz\u0113ta ar\u012b iesp\u0113ja att\u0101lin\u0101ti kontrol\u0113t klimatu atsevi\u0161\u0137os telpu.<\/p>\n<p>Apkures projekta izveides process ietver vair\u0101kus posmus:<\/p>\n<p>\u2022 Skic\u0113juma projekta izstr\u0101di.<br \/>\n\u2022 Tehniski-ekonomisk\u0101 pamatojuma (TEP) izstr\u0101di, kas sast\u0101v no tehnisk\u0101 uzdevuma un komerci\u0101l\u0101 pied\u0101v\u0101juma, apkures sist\u0113mas izveidei.<br \/>\n\u2022 Mont\u0101\u017eas sh\u0113mu izstr\u0101di.<br \/>\n\u2022 Apkures sist\u0113mas projekt\u0113\u0161anas dokument\u0101cijas izstr\u0101di, proti, apkures sist\u0113mas projekta izveidi.<\/p>\n<p><strong>Zvaniet pa t\u0101lruni +371 26 368 820 vai sazinieties ar mums, s\u016btot e-pastu uz adresi: info@ecoheat.lv.<\/strong><br \/>\n<strong>M\u0113s noteikti pal\u012bdz\u0113sim Jums izv\u0113l\u0113ties piem\u0113rotu risin\u0101jumu.<\/strong><\/p>\n\n\t\t<\/div>\n\t<\/div>\n<\/div><\/div><\/div><\/div><\/div>\n<\/div>","protected":false},"excerpt":{"rendered":"Projekt\u0113\u0161ana M\u016bsu komp\u0101nijas projekt\u0113t\u0101ji veic apkures sist\u0113mu projekt\u0113\u0161anu priv\u0101tm\u0101j\u0101m, lauku m\u0101j\u0101m, dz\u012bvok\u013ciem, birojiem, restor\u0101niem un citiem objektiem. Apkures sist\u0113mas projekts tiek izstr\u0101d\u0101ts pamatojoties uz pas\u016bt\u012bt\u0101ja tehniskajiem uzdevumiem, arhitekt\u016bras un b\u016bvniec\u012bbas z\u012bm\u0113jumiem, k\u0101 ar\u012b eso\u0161ajiem b\u016bvniec\u012bbas normat\u012bviem un noteikumiem. Projekt\u0101 tiek iek\u013cauti siltuma avoti, siltumtehnikas punkta automatika, apkures un siltumapg\u0101des sist\u0113mas principi atbilsto\u0161i apstiprin\u0101tajiem tehniskajiem uzdevumiem. [...]","protected":false},"author":1,"featured_media":0,"parent":0,"menu_order":0,"comment_status":"open","ping_status":"open","template":"template-page_leftbar.php","meta":{"footnotes":""},"class_list":["post-661","page","type-page","status-publish","hentry"],"aioseo_notices":[],"_links":{"self":[{"href":"https:\/\/ecoheat.lv\/ru\/wp-json\/wp\/v2\/pages\/661","targetHints":{"allow":["GET"]}}],"collection":[{"href":"https:\/\/ecoheat.lv\/ru\/wp-json\/wp\/v2\/pages"}],"about":[{"href":"https:\/\/ecoheat.lv\/ru\/wp-json\/wp\/v2\/types\/page"}],"author":[{"embeddable":true,"href":"https:\/\/ecoheat.lv\/ru\/wp-json\/wp\/v2\/users\/1"}],"replies":[{"embeddable":true,"href":"https:\/\/ecoheat.lv\/ru\/wp-json\/wp\/v2\/comments?post=661"}],"version-history":[{"count":5,"href":"https:\/\/ecoheat.lv\/ru\/wp-json\/wp\/v2\/pages\/661\/revisions"}],"predecessor-version":[{"id":1001,"href":"https:\/\/ecoheat.lv\/ru\/wp-json\/wp\/v2\/pages\/661\/revisions\/1001"}],"wp:attachment":[{"href":"https:\/\/ecoheat.lv\/ru\/wp-json\/wp\/v2\/media?parent=661"}],"curies":[{"name":"wp","href":"https:\/\/api.w.org\/{rel}","templated":true}]}}